{"id":1659,"date":"2018-03-07T11:22:32","date_gmt":"2018-03-07T11:22:32","guid":{"rendered":"https:\/\/exclusivecosmetics.pl\/spa-en-casa\/cosmetica-facial\/"},"modified":"2018-03-07T11:22:33","modified_gmt":"2018-03-07T11:22:33","slug":"cosmetica-facial","status":"publish","type":"page","link":"https:\/\/exclusivecosmetics.pl\/es\/spa-en-casa\/cosmetica-facial\/","title":{"rendered":"COSM\u00c9TICA FACIAL"},"content":{"rendered":"<p>[et_pb_section admin_label=\u00bbsection\u00bb transparent_background=\u00bboff\u00bb background_color=\u00bb#6985a8&#8243; allow_player_pause=\u00bboff\u00bb inner_shadow=\u00bboff\u00bb parallax=\u00bboff\u00bb parallax_method=\u00bboff\u00bb padding_mobile=\u00bboff\u00bb make_fullwidth=\u00bboff\u00bb use_custom_width=\u00bboff\u00bb width_unit=\u00bbon\u00bb make_equal=\u00bboff\u00bb use_custom_gutter=\u00bboff\u00bb custom_padding=\u00bb0px|||\u00bb][et_pb_row admin_label=\u00bbrow\u00bb make_fullwidth=\u00bboff\u00bb use_custom_width=\u00bboff\u00bb width_unit=\u00bbon\u00bb use_custom_gutter=\u00bboff\u00bb custom_padding=\u00bb0px|||\u00bb padding_mobile=\u00bboff\u00bb allow_player_pause=\u00bboff\u00bb parallax=\u00bboff\u00bb parallax_method=\u00bboff\u00bb make_equal=\u00bboff\u00bb parallax_1=\u00bboff\u00bb parallax_method_1=\u00bboff\u00bb parallax_2=\u00bboff\u00bb parallax_method_2=\u00bboff\u00bb column_padding_mobile=\u00bbon\u00bb][et_pb_column type=\u00bb1_2&#8243;][et_pb_code admin_label=\u00bbKod\u00bb module_class=\u00bbnaglow biale wiekszy\u00bb]&lt;h3&gt;SPA para la cara&lt;\/h3&gt;[\/et_pb_code][\/et_pb_column][et_pb_column type=\u00bb1_2&#8243;][et_pb_image admin_label=\u00bbObraz\u00bb src=\u00bbhttp:\/\/exclusivecosmetics.pl\/wp-content\/uploads\/2016\/12\/twarz.png\u00bb show_in_lightbox=\u00bboff\u00bb url_new_window=\u00bboff\u00bb use_overlay=\u00bboff\u00bb animation=\u00bboff\u00bb sticky=\u00bbon\u00bb align=\u00bbcenter\u00bb force_fullwidth=\u00bboff\u00bb always_center_on_mobile=\u00bbon\u00bb use_border_color=\u00bboff\u00bb border_color=\u00bb#ffffff\u00bb border_style=\u00bbsolid\u00bb] [\/et_pb_image][\/et_pb_column][\/et_pb_row][\/et_pb_section][et_pb_section admin_label=\u00bbSekcja\u00bb fullwidth=\u00bboff\u00bb specialty=\u00bboff\u00bb transparent_background=\u00bboff\u00bb background_color=\u00bb#000000&#8243; allow_player_pause=\u00bboff\u00bb inner_shadow=\u00bboff\u00bb parallax=\u00bboff\u00bb parallax_method=\u00bboff\u00bb padding_mobile=\u00bboff\u00bb make_fullwidth=\u00bboff\u00bb use_custom_width=\u00bboff\u00bb width_unit=\u00bbon\u00bb make_equal=\u00bboff\u00bb use_custom_gutter=\u00bboff\u00bb][et_pb_row admin_label=\u00bbWiersz\u00bb][et_pb_column type=\u00bb4_4&#8243;][et_pb_code admin_label=\u00bbKod\u00bb module_class=\u00bbnaglow biale\u00bb]&lt;h3&gt;M\u00c1SCARAS&lt;\/h3&gt;[\/et_pb_code][\/et_pb_column][\/et_pb_row][et_pb_row admin_label=\u00bbWiersz\u00bb][et_pb_column type=\u00bb1_2&#8243;][et_pb_text admin_label=\u00bbTekst\u00bb background_layout=\u00bbdark\u00bb text_orientation=\u00bbleft\u00bb use_border_color=\u00bboff\u00bb border_color=\u00bb#ffffff\u00bb border_style=\u00bbsolid\u00bb module_class=\u00bbcol-lew-czar\u00bb text_line_height=\u00bb1.8em\u00bb text_font_size=\u00bb15&#8243;]Las m\u00e1scaras faciales SPA son el secreto para una piel de la cara perfectamente alimentada; constituyen un tratamiento que puedes realizar en tu propia casa, sin tener que repetir las siguientes visitas al esteticista, y que puedes llevar a cabo en el momento m\u00e1s conveniente para ti, justo cuando lo necesites. Es una soluci\u00f3n innovadora, cuya funci\u00f3n consiste en una intensa hidrataci\u00f3n y estimulaci\u00f3n de la renovaci\u00f3n de la piel da\u00f1ada de la cara que requiere un cuidado regular e intensivo.[\/et_pb_text][\/et_pb_column][et_pb_column type=\u00bb1_2&#8243;][et_pb_text admin_label=\u00bbTekst\u00bb background_layout=\u00bbdark\u00bb text_orientation=\u00bbleft\u00bb use_border_color=\u00bboff\u00bb border_color=\u00bb#ffffff\u00bb border_style=\u00bbsolid\u00bb module_class=\u00bbcol-praw-czar\u00bb text_line_height=\u00bb1.8em\u00bb text_font_size=\u00bb15&#8243;]Las m\u00e1scaras SPA, fuertemente impregnadas con una soluci\u00f3n hidratante, regeneradora y reafirmante, son el tratamiento profesional que har\u00e1s por t\u00ed misma. Las m\u00e1scaras faciales SPA est\u00e1n hechas con un suave film pl\u00e1stico de friselina fuertemente impregnado con una soluci\u00f3n nutritiva, la misma que se aplica en los salones de belleza. La composici\u00f3n de la soluci\u00f3n se basa en unos componentes comprobados, ricos en vitaminas &#8211; ginkgo japon\u00e9s, germen de trigo, algas y \u00e1cido hialur\u00f3nico. Reconstruyen el manto hidrolip\u00eddico que protege la tez de los agentes externos.[\/et_pb_text][\/et_pb_column][\/et_pb_row][\/et_pb_section][et_pb_section admin_label=\u00bbSekcja\u00bb fullwidth=\u00bboff\u00bb specialty=\u00bboff\u00bb][et_pb_row admin_label=\u00bbWiersz\u00bb][et_pb_column type=\u00bb4_4&#8243;][et_pb_code admin_label=\u00bbKod\u00bb module_class=\u00bbnaglow czarne\u00bb]&lt;h3&gt;Contenido del envase&lt;\/h3&gt;[\/et_pb_code][et_pb_image admin_label=\u00bbObraz\u00bb src=\u00bbhttp:\/\/exclusivecosmetics.pl\/wp-content\/uploads\/2016\/12\/640&#215;495-biale-5.png\u00bb show_in_lightbox=\u00bboff\u00bb url_new_window=\u00bboff\u00bb use_overlay=\u00bboff\u00bb animation=\u00bboff\u00bb sticky=\u00bboff\u00bb align=\u00bbcenter\u00bb force_fullwidth=\u00bboff\u00bb always_center_on_mobile=\u00bbon\u00bb use_border_color=\u00bboff\u00bb border_color=\u00bb#ffffff\u00bb border_style=\u00bbsolid\u00bb] [\/et_pb_image][et_pb_text admin_label=\u00bbTekst\u00bb background_layout=\u00bblight\u00bb text_orientation=\u00bbcenter\u00bb use_border_color=\u00bboff\u00bb border_color=\u00bb#ffffff\u00bb border_style=\u00bbsolid\u00bb module_class=\u00bbdomowe-spa\u00bb text_font_size=\u00bb15&#8243; text_line_height=\u00bb1.8em\u00bb]La caja de la m\u00e1scara SPA se abre desde su parte superior. Est\u00e1 compuesta por el film pl\u00e1stico de friselina con una soluci\u00f3n fuertemente impregnado, y que se aplica directamente en la cara limpia.[\/et_pb_text][et_pb_image admin_label=\u00bbObraz\u00bb src=\u00bbhttp:\/\/exclusivecosmetics.pl\/wp-content\/uploads\/2016\/12\/640&#215;495-biale-8.png\u00bb show_in_lightbox=\u00bboff\u00bb url_new_window=\u00bboff\u00bb use_overlay=\u00bboff\u00bb animation=\u00bboff\u00bb sticky=\u00bboff\u00bb align=\u00bbcenter\u00bb force_fullwidth=\u00bboff\u00bb always_center_on_mobile=\u00bbon\u00bb use_border_color=\u00bboff\u00bb border_color=\u00bb#ffffff\u00bb border_style=\u00bbsolid\u00bb] [\/et_pb_image][et_pb_text admin_label=\u00bbTekst\u00bb background_layout=\u00bblight\u00bb text_orientation=\u00bbcenter\u00bb use_border_color=\u00bboff\u00bb border_color=\u00bb#ffffff\u00bb border_style=\u00bbsolid\u00bb module_class=\u00bbdomowe-spa\u00bb text_font_size=\u00bb15&#8243; text_line_height=\u00bb1.8em\u00bb]Al abrir la caja, encontramos la m\u00e1scara metida en una bolsa de pl\u00e1stico.[\/et_pb_text][et_pb_image admin_label=\u00bbObraz\u00bb src=\u00bbhttp:\/\/exclusivecosmetics.pl\/wp-content\/uploads\/2016\/12\/640&#215;495-biale-6.png\u00bb show_in_lightbox=\u00bboff\u00bb url_new_window=\u00bboff\u00bb use_overlay=\u00bboff\u00bb animation=\u00bboff\u00bb sticky=\u00bboff\u00bb align=\u00bbcenter\u00bb force_fullwidth=\u00bboff\u00bb always_center_on_mobile=\u00bbon\u00bb use_border_color=\u00bboff\u00bb border_color=\u00bb#ffffff\u00bb border_style=\u00bbsolid\u00bb] [\/et_pb_image][et_pb_text admin_label=\u00bbTekst\u00bb background_layout=\u00bblight\u00bb text_orientation=\u00bbcenter\u00bb use_border_color=\u00bboff\u00bb border_color=\u00bb#ffffff\u00bb border_style=\u00bbsolid\u00bb module_class=\u00bbdomowe-spa\u00bb text_font_size=\u00bb15&#8243; text_line_height=\u00bb1.8em\u00bb]El film pl\u00e1stico de friselina est\u00e1 muy impregnado de sustancias activas. Es muy suave, lo que hace que despu\u00e9s de colocarlo en la cara, se adapte r\u00e1pidamente a todas las formas, incluso a las m\u00e1s peque\u00f1as. La adhesi\u00f3n perfecta de la m\u00e1scara a la piel permite alimentar de forma uniforme toda la superficie de la cara, gracias a la sustancia fuertemente impregnada.[\/et_pb_text][et_pb_image admin_label=\u00bbObraz\u00bb src=\u00bbhttp:\/\/exclusivecosmetics.pl\/wp-content\/uploads\/2016\/12\/beauty-treatment-898251_640.jpg\u00bb show_in_lightbox=\u00bboff\u00bb url_new_window=\u00bboff\u00bb use_overlay=\u00bboff\u00bb animation=\u00bboff\u00bb sticky=\u00bboff\u00bb align=\u00bbcenter\u00bb force_fullwidth=\u00bboff\u00bb always_center_on_mobile=\u00bbon\u00bb use_border_color=\u00bboff\u00bb border_color=\u00bb#ffffff\u00bb border_style=\u00bbsolid\u00bb] [\/et_pb_image][et_pb_text admin_label=\u00bbTekst\u00bb background_layout=\u00bblight\u00bb text_orientation=\u00bbcenter\u00bb use_border_color=\u00bboff\u00bb border_color=\u00bb#ffffff\u00bb border_style=\u00bbsolid\u00bb module_class=\u00bbdomowe-spa\u00bb text_font_size=\u00bb15&#8243; text_line_height=\u00bb1.8em\u00bb]Despu\u00e9s del tratamiento, los restos de la preparaci\u00f3n SPA facial se deben masajear y dejar que se absorban por completo.[\/et_pb_text][\/et_pb_column][\/et_pb_row][et_pb_row admin_label=\u00bbWiersz\u00bb][et_pb_column type=\u00bb4_4&#8243;][et_pb_code admin_label=\u00bbKod\u00bb module_class=\u00bbnaglow czarne\u00bb]&lt;h3&gt;Uso&lt;\/h3&gt;[\/et_pb_code][et_pb_image admin_label=\u00bbObraz\u00bb src=\u00bbhttp:\/\/exclusivecosmetics.pl\/wp-content\/uploads\/2016\/12\/maska_jak_uzywac_www.png\u00bb show_in_lightbox=\u00bboff\u00bb url_new_window=\u00bboff\u00bb use_overlay=\u00bboff\u00bb animation=\u00bboff\u00bb sticky=\u00bboff\u00bb align=\u00bbcenter\u00bb force_fullwidth=\u00bboff\u00bb always_center_on_mobile=\u00bbon\u00bb use_border_color=\u00bboff\u00bb border_color=\u00bb#ffffff\u00bb border_style=\u00bbsolid\u00bb] [\/et_pb_image][et_pb_text admin_label=\u00bbTekst\u00bb background_layout=\u00bblight\u00bb text_orientation=\u00bbcenter\u00bb use_border_color=\u00bboff\u00bb border_color=\u00bb#ffffff\u00bb border_style=\u00bbsolid\u00bb text_font_size=\u00bb15&#8243; text_line_height=\u00bb1.8em\u00bb]<\/p>\n<ol>\n<li>Al abrir la caja, encontramos la m\u00e1scara metida en una bolsa de pl\u00e1stico.<\/li>\n<li>Aplicar la m\u00e1scara en la cara, distribuir delicadamente el film pl\u00e1stico de friselina igualando el material de tal forma, que se adhiera perfectamente a la forma oval de la cara. Dejar actuar durante unos 30 minutos, dependiendo de las necesidades de la piel.<\/li>\n<li>Retirar suavemente la m\u00e1scara y masajear con los restos del producto sobre la piel, esperando su completa absorci\u00f3n.<\/li>\n<\/ol>\n<p>Ahora puedes disfrutar de un aspecto saludable y vigoroso &#x1f609;[\/et_pb_text][\/et_pb_column][\/et_pb_row][et_pb_row admin_label=\u00bbrow\u00bb][et_pb_column type=\u00bb4_4&#8243;][et_pb_code admin_label=\u00bbKod\u00bb module_class=\u00bbnaglow czarne\u00bb]&lt;h3&gt;PRODUCTOS DE ESTA SERIE&lt;\/h3&gt;[\/et_pb_code][et_pb_text admin_label=\u00bbTekst\u00bb background_layout=\u00bblight\u00bb text_orientation=\u00bbleft\u00bb use_border_color=\u00bboff\u00bb border_color=\u00bb#ffffff\u00bb border_style=\u00bbsolid\u00bb] [wpcsp id=\u00bb473&#8243;] [\/et_pb_text][\/et_pb_column][\/et_pb_row][\/et_pb_section]<\/p>\n","protected":false},"excerpt":{"rendered":"<p>[et_pb_section admin_label=\u00bbsection\u00bb transparent_background=\u00bboff\u00bb background_color=\u00bb#6985a8&#8243; allow_player_pause=\u00bboff\u00bb inner_shadow=\u00bboff\u00bb parallax=\u00bboff\u00bb parallax_method=\u00bboff\u00bb padding_mobile=\u00bboff\u00bb make_fullwidth=\u00bboff\u00bb use_custom_width=\u00bboff\u00bb width_unit=\u00bbon\u00bb make_equal=\u00bboff\u00bb use_custom_gutter=\u00bboff\u00bb custom_padding=\u00bb0px|||\u00bb][et_pb_row admin_label=\u00bbrow\u00bb make_fullwidth=\u00bboff\u00bb use_custom_width=\u00bboff\u00bb width_unit=\u00bbon\u00bb use_custom_gutter=\u00bboff\u00bb custom_padding=\u00bb0px|||\u00bb padding_mobile=\u00bboff\u00bb allow_player_pause=\u00bboff\u00bb parallax=\u00bboff\u00bb parallax_method=\u00bboff\u00bb make_equal=\u00bboff\u00bb parallax_1=\u00bboff\u00bb parallax_method_1=\u00bboff\u00bb parallax_2=\u00bboff\u00bb parallax_method_2=\u00bboff\u00bb column_padding_mobile=\u00bbon\u00bb][et_pb_column type=\u00bb1_2&#8243;][et_pb_code admin_label=\u00bbKod\u00bb module_class=\u00bbnaglow biale wiekszy\u00bb]&lt;h3&gt;SPA para la cara&lt;\/h3&gt;[\/et_pb_code][\/et_pb_column][et_pb_column type=\u00bb1_2&#8243;][et_pb_image admin_label=\u00bbObraz\u00bb src=\u00bbhttp:\/\/exclusivecosmetics.pl\/wp-content\/uploads\/2016\/12\/twarz.png\u00bb show_in_lightbox=\u00bboff\u00bb url_new_window=\u00bboff\u00bb use_overlay=\u00bboff\u00bb animation=\u00bboff\u00bb sticky=\u00bbon\u00bb align=\u00bbcenter\u00bb force_fullwidth=\u00bboff\u00bb always_center_on_mobile=\u00bbon\u00bb use_border_color=\u00bboff\u00bb border_color=\u00bb#ffffff\u00bb border_style=\u00bbsolid\u00bb] [\/et_pb_image][\/et_pb_column][\/et_pb_row][\/et_pb_section][et_pb_section admin_label=\u00bbSekcja\u00bb [&hellip;]<\/p>\n","protected":false},"author":2,"featured_media":0,"parent":1546,"menu_order":0,"comment_status":"closed","ping_status":"closed","template":"","meta":{"_et_pb_use_builder":"on","_et_pb_old_content":"","_et_gb_content_width":"","footnotes":""},"class_list":["post-1659","page","type-page","status-publish","hentry"],"_links":{"self":[{"href":"https:\/\/exclusivecosmetics.pl\/es\/wp-json\/wp\/v2\/pages\/1659"}],"collection":[{"href":"https:\/\/exclusivecosmetics.pl\/es\/wp-json\/wp\/v2\/pages"}],"about":[{"href":"https:\/\/exclusivecosmetics.pl\/es\/wp-json\/wp\/v2\/types\/page"}],"author":[{"embeddable":true,"href":"https:\/\/exclusivecosmetics.pl\/es\/wp-json\/wp\/v2\/users\/2"}],"replies":[{"embeddable":true,"href":"https:\/\/exclusivecosmetics.pl\/es\/wp-json\/wp\/v2\/comments?post=1659"}],"version-history":[{"count":0,"href":"https:\/\/exclusivecosmetics.pl\/es\/wp-json\/wp\/v2\/pages\/1659\/revisions"}],"up":[{"embeddable":true,"href":"https:\/\/exclusivecosmetics.pl\/es\/wp-json\/wp\/v2\/pages\/1546"}],"wp:attachment":[{"href":"https:\/\/exclusivecosmetics.pl\/es\/wp-json\/wp\/v2\/media?parent=1659"}],"curies":[{"name":"wp","href":"https:\/\/api.w.org\/{rel}","templated":true}]}}