{"id":1636,"date":"2018-03-07T11:07:24","date_gmt":"2018-03-07T11:07:24","guid":{"rendered":"https:\/\/exclusivecosmetics.pl\/spa-en-casa\/cosmeticos-spa-para-el-cuidado-de-los-pies\/"},"modified":"2018-03-07T11:07:26","modified_gmt":"2018-03-07T11:07:26","slug":"cosmeticos-spa-para-el-cuidado-de-los-pies","status":"publish","type":"page","link":"https:\/\/exclusivecosmetics.pl\/es\/spa-en-casa\/cosmeticos-spa-para-el-cuidado-de-los-pies\/","title":{"rendered":"Cosm\u00e9ticos SPA para el cuidado de los pies"},"content":{"rendered":"<p>[et_pb_section admin_label=\u00bbsection\u00bb transparent_background=\u00bboff\u00bb background_color=\u00bb#f1d3b7&#8243; allow_player_pause=\u00bboff\u00bb inner_shadow=\u00bboff\u00bb parallax=\u00bboff\u00bb parallax_method=\u00bboff\u00bb padding_mobile=\u00bboff\u00bb make_fullwidth=\u00bboff\u00bb use_custom_width=\u00bboff\u00bb width_unit=\u00bbon\u00bb make_equal=\u00bboff\u00bb use_custom_gutter=\u00bboff\u00bb custom_padding=\u00bb0px|||\u00bb][et_pb_row admin_label=\u00bbrow\u00bb make_fullwidth=\u00bboff\u00bb use_custom_width=\u00bboff\u00bb width_unit=\u00bbon\u00bb use_custom_gutter=\u00bboff\u00bb custom_padding=\u00bb0px|||\u00bb padding_mobile=\u00bboff\u00bb allow_player_pause=\u00bboff\u00bb parallax=\u00bboff\u00bb parallax_method=\u00bboff\u00bb make_equal=\u00bboff\u00bb parallax_1=\u00bboff\u00bb parallax_method_1=\u00bboff\u00bb parallax_2=\u00bboff\u00bb parallax_method_2=\u00bboff\u00bb column_padding_mobile=\u00bbon\u00bb][et_pb_column type=\u00bb1_2&#8243;][et_pb_code admin_label=\u00bbKod\u00bb module_class=\u00bbnaglow biale wiekszy\u00bb]&lt;h3&gt;SPA para los pies&lt;\/h3&gt;[\/et_pb_code][\/et_pb_column][et_pb_column type=\u00bb1_2&#8243;][et_pb_image admin_label=\u00bbObraz\u00bb src=\u00bbhttp:\/\/exclusivecosmetics.pl\/wp-content\/uploads\/2016\/12\/stopy.jpg\u00bb show_in_lightbox=\u00bboff\u00bb url_new_window=\u00bboff\u00bb use_overlay=\u00bboff\u00bb animation=\u00bboff\u00bb sticky=\u00bbon\u00bb align=\u00bbcenter\u00bb force_fullwidth=\u00bboff\u00bb always_center_on_mobile=\u00bbon\u00bb use_border_color=\u00bboff\u00bb border_color=\u00bb#ffffff\u00bb border_style=\u00bbsolid\u00bb]<\/p>\n<p>[\/et_pb_image][\/et_pb_column][\/et_pb_row][\/et_pb_section][et_pb_section admin_label=\u00bbSekcja\u00bb fullwidth=\u00bboff\u00bb specialty=\u00bboff\u00bb transparent_background=\u00bboff\u00bb background_color=\u00bb#000000&#8243; allow_player_pause=\u00bboff\u00bb inner_shadow=\u00bboff\u00bb parallax=\u00bboff\u00bb parallax_method=\u00bboff\u00bb padding_mobile=\u00bboff\u00bb make_fullwidth=\u00bboff\u00bb use_custom_width=\u00bboff\u00bb width_unit=\u00bbon\u00bb make_equal=\u00bboff\u00bb use_custom_gutter=\u00bboff\u00bb][et_pb_row admin_label=\u00bbWiersz\u00bb][et_pb_column type=\u00bb4_4&#8243;][et_pb_code admin_label=\u00bbKod\u00bb module_class=\u00bbnaglow biale\u00bb]&lt;h3&gt;CALCETINES&lt;\/h3&gt;[\/et_pb_code][\/et_pb_column][\/et_pb_row][et_pb_row admin_label=\u00bbWiersz\u00bb][et_pb_column type=\u00bb1_2&#8243;][et_pb_text admin_label=\u00bbTekst\u00bb background_layout=\u00bbdark\u00bb text_orientation=\u00bbleft\u00bb use_border_color=\u00bboff\u00bb border_color=\u00bb#ffffff\u00bb border_style=\u00bbsolid\u00bb module_class=\u00bbcol-lew-czar\u00bb text_font_size=\u00bb15&#8243; text_line_height=\u00bb1.8em\u00bb]Calcetin SPA exfoliante y regenerador &#8211; una soluci\u00f3n innovadora. Los calcetines intensamente impregnados constituyen un tratamiento profesional, que puedes realizar t\u00fa misma en un momento conveniente y un lugar c\u00f3modo para ti, sin tener que salir de casa. El dise\u00f1o del producto de un material suave, la abundancia de sustancias exfoliantes y suavizantes, y la misma f\u00f3rmula consistente en el equivalente a lo que se obtiene en el SPA &#8211; un tratamiento muy intenso.[\/et_pb_text][\/et_pb_column][et_pb_column type=\u00bb1_2&#8243;][et_pb_text admin_label=\u00bbTekst\u00bb background_layout=\u00bbdark\u00bb text_orientation=\u00bbleft\u00bb use_border_color=\u00bboff\u00bb border_color=\u00bb#ffffff\u00bb border_style=\u00bbsolid\u00bb module_class=\u00bbcol-praw-czar\u00bb text_font_size=\u00bb15&#8243; text_line_height=\u00bb1.8em\u00bb]La composici\u00f3n de los calcetines se basa en componentes comprobados &#8211; manteca de karit\u00e9, rica en vitamina E y F que consigue una regeneraci\u00f3n m\u00e1s r\u00e1pida de la piel de los pies, adem\u00e1s del alisado y una hidrataci\u00f3n intensa y de larga duraci\u00f3n de la piel dura y descamada. Las prote\u00ednas de la cachemira suavizan la piel y mejoran su elasticidad. El componente m\u00e1s importante &#8211; urea &#8211; hidrata potentemente, suaviza, mejora el alisado y da firmeza.[\/et_pb_text][\/et_pb_column][\/et_pb_row][\/et_pb_section][et_pb_section admin_label=\u00bbSekcja\u00bb fullwidth=\u00bboff\u00bb specialty=\u00bboff\u00bb][et_pb_row admin_label=\u00bbWiersz\u00bb][et_pb_column type=\u00bb4_4&#8243;][et_pb_code admin_label=\u00bbKod\u00bb module_class=\u00bbnaglow czarne\u00bb]&lt;h3&gt;Contenido del envase&lt;\/h3&gt;[\/et_pb_code][et_pb_image admin_label=\u00bbObraz\u00bb src=\u00bbhttp:\/\/exclusivecosmetics.pl\/wp-content\/uploads\/2016\/12\/640&#215;495-biale-21.jpg\u00bb show_in_lightbox=\u00bboff\u00bb url_new_window=\u00bboff\u00bb use_overlay=\u00bboff\u00bb animation=\u00bboff\u00bb sticky=\u00bboff\u00bb align=\u00bbcenter\u00bb force_fullwidth=\u00bboff\u00bb always_center_on_mobile=\u00bbon\u00bb use_border_color=\u00bboff\u00bb border_color=\u00bb#ffffff\u00bb border_style=\u00bbsolid\u00bb]<\/p>\n<p>[\/et_pb_image][et_pb_text admin_label=\u00bbTekst\u00bb background_layout=\u00bblight\u00bb text_orientation=\u00bbcenter\u00bb use_border_color=\u00bboff\u00bb border_color=\u00bb#ffffff\u00bb border_style=\u00bbsolid\u00bb module_class=\u00bbdomowe-spa\u00bb text_font_size=\u00bb15&#8243; text_line_height=\u00bb1.8em\u00bb]La caja de calcetines se abre por el lateral. El envase de Calcetines SPA incluye la soluci\u00f3n en un film pl\u00e1stico de friselina muy bien impregnado, metido en dos calcetines de tela encerada.[\/et_pb_text][et_pb_image admin_label=\u00bbObraz\u00bb src=\u00bbhttp:\/\/exclusivecosmetics.pl\/wp-content\/uploads\/2016\/12\/640&#215;495-biale-15.jpg\u00bb show_in_lightbox=\u00bboff\u00bb url_new_window=\u00bboff\u00bb use_overlay=\u00bboff\u00bb animation=\u00bboff\u00bb sticky=\u00bboff\u00bb align=\u00bbcenter\u00bb force_fullwidth=\u00bboff\u00bb always_center_on_mobile=\u00bbon\u00bb use_border_color=\u00bboff\u00bb border_color=\u00bb#ffffff\u00bb border_style=\u00bbsolid\u00bb]<\/p>\n<p>[\/et_pb_image][et_pb_text admin_label=\u00bbTekst\u00bb background_layout=\u00bblight\u00bb text_orientation=\u00bbcenter\u00bb use_border_color=\u00bboff\u00bb border_color=\u00bb#ffffff\u00bb border_style=\u00bbsolid\u00bb module_class=\u00bbdomowe-spa\u00bb text_font_size=\u00bb15&#8243; text_line_height=\u00bb1.8em\u00bb]Al abrir la caja encontramos dos calcetines en una tela encerada suave. El envase incluye unas cintas adhesivas que sellan el producto durante su uso.[\/et_pb_text][et_pb_image admin_label=\u00bbObraz\u00bb src=\u00bbhttp:\/\/exclusivecosmetics.pl\/wp-content\/uploads\/2016\/12\/640&#215;495-biale-9.jpg\u00bb show_in_lightbox=\u00bboff\u00bb url_new_window=\u00bboff\u00bb use_overlay=\u00bboff\u00bb animation=\u00bboff\u00bb sticky=\u00bboff\u00bb align=\u00bbcenter\u00bb force_fullwidth=\u00bboff\u00bb always_center_on_mobile=\u00bbon\u00bb use_border_color=\u00bboff\u00bb border_color=\u00bb#ffffff\u00bb border_style=\u00bbsolid\u00bb]<\/p>\n<p>[\/et_pb_image][et_pb_text admin_label=\u00bbTekst\u00bb background_layout=\u00bblight\u00bb text_orientation=\u00bbcenter\u00bb use_border_color=\u00bboff\u00bb border_color=\u00bb#ffffff\u00bb border_style=\u00bbsolid\u00bb module_class=\u00bbdomowe-spa\u00bb text_font_size=\u00bb15&#8243; text_line_height=\u00bb1.8em\u00bb]La tela encerada que protege los calcetines es suave y no irrita la piel de los pies por el roce con sus pliegues. El dise\u00f1o de Calcetines SPA permite utilizarlos libremente, no limitando la capacidad de realizar otras tareas dom\u00e9sticas. Los calcetines impregnados intensamente con la soluci\u00f3n, de forma que, independientemente de la duraci\u00f3n de tiempo en el que se utilicen, el producto llega a todos los poros y rincones de la piel, hidratando intensamente el conjunto de las manos. Desde el primer instante, despu\u00e9s de aplicar la m\u00e1scara sobre las manos, se tiene la sensaci\u00f3n de que las manos se sumergen en una soluci\u00f3n l\u00edquida. El calcetin exfoliante compuesto por una soluci\u00f3n con la que el fim de friselina se encuentra impregnado intensamente, consiguen dar una fuerte hidrataci\u00f3n durante el tratamiento.[\/et_pb_text][\/et_pb_column][\/et_pb_row][et_pb_row admin_label=\u00bbWiersz\u00bb][et_pb_column type=\u00bb4_4&#8243;][et_pb_code admin_label=\u00bbKod\u00bb module_class=\u00bbnaglow czarne\u00bb]&lt;h3&gt;Uso&lt;\/h3&gt;[\/et_pb_code][et_pb_image admin_label=\u00bbObraz\u00bb src=\u00bbhttp:\/\/exclusivecosmetics.pl\/wp-content\/uploads\/2016\/12\/maska_stopy_jak_uzywac_www.png\u00bb show_in_lightbox=\u00bboff\u00bb url_new_window=\u00bboff\u00bb use_overlay=\u00bboff\u00bb animation=\u00bboff\u00bb sticky=\u00bboff\u00bb align=\u00bbcenter\u00bb force_fullwidth=\u00bboff\u00bb always_center_on_mobile=\u00bbon\u00bb use_border_color=\u00bboff\u00bb border_color=\u00bb#ffffff\u00bb border_style=\u00bbsolid\u00bb]<\/p>\n<p>[\/et_pb_image][et_pb_text admin_label=\u00bbTekst\u00bb background_layout=\u00bblight\u00bb text_orientation=\u00bbcenter\u00bb text_font_size=\u00bb15&#8243; text_line_height=\u00bb1.8em\u00bb use_border_color=\u00bboff\u00bb border_color=\u00bb#ffffff\u00bb border_style=\u00bbsolid\u00bb]<\/p>\n<ol>\n<li>Lavar y secar los pies completamente. Abrir el envase y separar los calcetines utilizando unas tijeras.<\/li>\n<li>Poner los calcetines en los pies y cerrar muy bien con las cintas adhesivas. En caso de contacto con la piel de la mano, aclarar abundantemente con agua. Dejar actuar entre 30 a 45 minutos, dependiendo de las necesidades de la piel.<\/li>\n<li>Despu\u00e9s de quitar los Calcetines Regeneradores, masajear con los restos de la soluci\u00f3n. En caso de utilizar Calcetines Exfoliantes &#8211; enjuagar los pies. Durante un periodo de 3-5 d\u00edas se desprender\u00e1n las c\u00e9lulas muertas. No retirar la piel mec\u00e1nicamente.<\/li>\n<\/ol>\n<p>[\/et_pb_text][\/et_pb_column][\/et_pb_row][et_pb_row admin_label=\u00bbrow\u00bb][et_pb_column type=\u00bb4_4&#8243;][et_pb_code admin_label=\u00bbKod\u00bb module_class=\u00bbnaglow czarne\u00bb]&lt;h3&gt;PRODUCTOS EN ESTA SERIE&lt;\/h3&gt;[\/et_pb_code][et_pb_text admin_label=\u00bbTekst\u00bb background_layout=\u00bblight\u00bb text_orientation=\u00bbcenter\u00bb use_border_color=\u00bboff\u00bb border_color=\u00bb#ffffff\u00bb border_style=\u00bbsolid\u00bb]<br \/>\n[wpcsp id=\u00bb477&#8243;]<\/p>\n<p>[\/et_pb_text][\/et_pb_column][\/et_pb_row][\/et_pb_section]<\/p>\n","protected":false},"excerpt":{"rendered":"<p>[et_pb_section admin_label=\u00bbsection\u00bb transparent_background=\u00bboff\u00bb background_color=\u00bb#f1d3b7&#8243; allow_player_pause=\u00bboff\u00bb inner_shadow=\u00bboff\u00bb parallax=\u00bboff\u00bb parallax_method=\u00bboff\u00bb padding_mobile=\u00bboff\u00bb make_fullwidth=\u00bboff\u00bb use_custom_width=\u00bboff\u00bb width_unit=\u00bbon\u00bb make_equal=\u00bboff\u00bb use_custom_gutter=\u00bboff\u00bb custom_padding=\u00bb0px|||\u00bb][et_pb_row admin_label=\u00bbrow\u00bb make_fullwidth=\u00bboff\u00bb use_custom_width=\u00bboff\u00bb width_unit=\u00bbon\u00bb use_custom_gutter=\u00bboff\u00bb custom_padding=\u00bb0px|||\u00bb padding_mobile=\u00bboff\u00bb allow_player_pause=\u00bboff\u00bb parallax=\u00bboff\u00bb parallax_method=\u00bboff\u00bb make_equal=\u00bboff\u00bb parallax_1=\u00bboff\u00bb parallax_method_1=\u00bboff\u00bb parallax_2=\u00bboff\u00bb parallax_method_2=\u00bboff\u00bb column_padding_mobile=\u00bbon\u00bb][et_pb_column type=\u00bb1_2&#8243;][et_pb_code admin_label=\u00bbKod\u00bb module_class=\u00bbnaglow biale wiekszy\u00bb]&lt;h3&gt;SPA para los pies&lt;\/h3&gt;[\/et_pb_code][\/et_pb_column][et_pb_column type=\u00bb1_2&#8243;][et_pb_image admin_label=\u00bbObraz\u00bb src=\u00bbhttp:\/\/exclusivecosmetics.pl\/wp-content\/uploads\/2016\/12\/stopy.jpg\u00bb show_in_lightbox=\u00bboff\u00bb url_new_window=\u00bboff\u00bb use_overlay=\u00bboff\u00bb animation=\u00bboff\u00bb sticky=\u00bbon\u00bb align=\u00bbcenter\u00bb force_fullwidth=\u00bboff\u00bb always_center_on_mobile=\u00bbon\u00bb use_border_color=\u00bboff\u00bb border_color=\u00bb#ffffff\u00bb border_style=\u00bbsolid\u00bb] [\/et_pb_image][\/et_pb_column][\/et_pb_row][\/et_pb_section][et_pb_section admin_label=\u00bbSekcja\u00bb [&hellip;]<\/p>\n","protected":false},"author":2,"featured_media":0,"parent":1546,"menu_order":0,"comment_status":"closed","ping_status":"closed","template":"","meta":{"_et_pb_use_builder":"on","_et_pb_old_content":"","_et_gb_content_width":"","footnotes":""},"class_list":["post-1636","page","type-page","status-publish","hentry"],"_links":{"self":[{"href":"https:\/\/exclusivecosmetics.pl\/es\/wp-json\/wp\/v2\/pages\/1636"}],"collection":[{"href":"https:\/\/exclusivecosmetics.pl\/es\/wp-json\/wp\/v2\/pages"}],"about":[{"href":"https:\/\/exclusivecosmetics.pl\/es\/wp-json\/wp\/v2\/types\/page"}],"author":[{"embeddable":true,"href":"https:\/\/exclusivecosmetics.pl\/es\/wp-json\/wp\/v2\/users\/2"}],"replies":[{"embeddable":true,"href":"https:\/\/exclusivecosmetics.pl\/es\/wp-json\/wp\/v2\/comments?post=1636"}],"version-history":[{"count":0,"href":"https:\/\/exclusivecosmetics.pl\/es\/wp-json\/wp\/v2\/pages\/1636\/revisions"}],"up":[{"embeddable":true,"href":"https:\/\/exclusivecosmetics.pl\/es\/wp-json\/wp\/v2\/pages\/1546"}],"wp:attachment":[{"href":"https:\/\/exclusivecosmetics.pl\/es\/wp-json\/wp\/v2\/media?parent=1636"}],"curies":[{"name":"wp","href":"https:\/\/api.w.org\/{rel}","templated":true}]}}