{"id":1603,"date":"2018-03-07T10:38:05","date_gmt":"2018-03-07T10:38:05","guid":{"rendered":"https:\/\/exclusivecosmetics.pl\/spa-en-casa\/cosmeticos-spa-para-el-cuidado-de-las-manos\/"},"modified":"2018-03-07T10:38:07","modified_gmt":"2018-03-07T10:38:07","slug":"cosmeticos-spa-para-el-cuidado-de-las-manos","status":"publish","type":"page","link":"https:\/\/exclusivecosmetics.pl\/es\/spa-en-casa\/cosmeticos-spa-para-el-cuidado-de-las-manos\/","title":{"rendered":"Cosm\u00e9ticos SPA para el cuidado de las manos"},"content":{"rendered":"<p>[et_pb_section admin_label=\u00bbsection\u00bb transparent_background=\u00bboff\u00bb background_color=\u00bb#9d7e9e\u00bb allow_player_pause=\u00bboff\u00bb inner_shadow=\u00bboff\u00bb parallax=\u00bboff\u00bb parallax_method=\u00bboff\u00bb padding_mobile=\u00bboff\u00bb make_fullwidth=\u00bboff\u00bb use_custom_width=\u00bboff\u00bb width_unit=\u00bbon\u00bb make_equal=\u00bboff\u00bb use_custom_gutter=\u00bboff\u00bb custom_padding=\u00bb0px|||\u00bb][et_pb_row admin_label=\u00bbrow\u00bb make_fullwidth=\u00bboff\u00bb use_custom_width=\u00bboff\u00bb width_unit=\u00bbon\u00bb use_custom_gutter=\u00bboff\u00bb custom_padding=\u00bb0px|||\u00bb padding_mobile=\u00bboff\u00bb allow_player_pause=\u00bboff\u00bb parallax=\u00bboff\u00bb parallax_method=\u00bboff\u00bb make_equal=\u00bboff\u00bb parallax_1=\u00bboff\u00bb parallax_method_1=\u00bboff\u00bb parallax_2=\u00bboff\u00bb parallax_method_2=\u00bboff\u00bb column_padding_mobile=\u00bbon\u00bb][et_pb_column type=\u00bb1_2&#8243;][et_pb_code admin_label=\u00bbKod\u00bb module_class=\u00bbnaglow biale wiekszy\u00bb]&lt;h3&gt;SPA\u00a0para la mano &lt;\/h3&gt;[\/et_pb_code][\/et_pb_column][et_pb_column type=\u00bb1_2&#8243;][et_pb_image admin_label=\u00bbObraz\u00bb src=\u00bbhttp:\/\/exclusivecosmetics.pl\/wp-content\/uploads\/2016\/12\/rece.jpg\u00bb show_in_lightbox=\u00bboff\u00bb url_new_window=\u00bboff\u00bb use_overlay=\u00bboff\u00bb animation=\u00bboff\u00bb sticky=\u00bbon\u00bb align=\u00bbcenter\u00bb force_fullwidth=\u00bboff\u00bb always_center_on_mobile=\u00bbon\u00bb use_border_color=\u00bboff\u00bb border_color=\u00bb#ffffff\u00bb border_style=\u00bbsolid\u00bb] [\/et_pb_image][\/et_pb_column][\/et_pb_row][\/et_pb_section][et_pb_section admin_label=\u00bbSekcja\u00bb fullwidth=\u00bboff\u00bb specialty=\u00bboff\u00bb transparent_background=\u00bboff\u00bb background_color=\u00bb#000000&#8243; allow_player_pause=\u00bboff\u00bb inner_shadow=\u00bboff\u00bb parallax=\u00bboff\u00bb parallax_method=\u00bboff\u00bb padding_mobile=\u00bboff\u00bb make_fullwidth=\u00bboff\u00bb use_custom_width=\u00bboff\u00bb width_unit=\u00bbon\u00bb make_equal=\u00bboff\u00bb use_custom_gutter=\u00bboff\u00bb][et_pb_row admin_label=\u00bbWiersz\u00bb][et_pb_column type=\u00bb4_4&#8243;][et_pb_code admin_label=\u00bbKod\u00bb module_class=\u00bbnaglow biale\u00bb]&lt;h3&gt;GUANTES&lt;\/h3&gt;[\/et_pb_code][\/et_pb_column][\/et_pb_row][et_pb_row admin_label=\u00bbWiersz\u00bb][et_pb_column type=\u00bb1_2&#8243;][et_pb_text admin_label=\u00bbTekst\u00bb background_layout=\u00bbdark\u00bb text_orientation=\u00bbleft\u00bb use_border_color=\u00bboff\u00bb border_color=\u00bb#ffffff\u00bb border_style=\u00bbsolid\u00bb module_class=\u00bbcol-lew-czar\u00bb text_line_height=\u00bb1.8em\u00bb text_font_size=\u00bb15&#8243;]SPA para las manos es el secreto de unas manos suaves \u2013 es una soluci\u00f3n innovadora cuya funci\u00f3n consiste en una intensa hidrataci\u00f3n y estimulaci\u00f3n para la renovaci\u00f3n de la piel da\u00f1ada. Los guantes fuertemente impregnados con una soluci\u00f3n hidratante y regenerante, son un tratamiento profesional que puedes realizar tu misma, en un momento conveniente y un lugar c\u00f3modo para ti. Sin salir de casa, sin esperar a una fecha libre para poder ir al sal\u00f3n de belleza.[\/et_pb_text][\/et_pb_column][et_pb_column type=\u00bb1_2&#8243;][et_pb_text admin_label=\u00bbTekst\u00bb background_layout=\u00bbdark\u00bb text_orientation=\u00bbleft\u00bb use_border_color=\u00bboff\u00bb border_color=\u00bb#ffffff\u00bb border_style=\u00bbsolid\u00bb module_class=\u00bbcol-praw-czar\u00bb text_line_height=\u00bb1.8em\u00bb text_font_size=\u00bb15&#8243;]SPA para manos est\u00e1 hecho de un material suave; una sustancia suavizante en abundancia y sus componentes nutricionales, son el equivalente a lo que se obtiene en el SPA &#8211; un tratamiento muy intenso. La composici\u00f3n de la soluci\u00f3n del film pl\u00e1stico, est\u00e1 basada en componentes comprobados y ricos en vitaminas E y F; tambi\u00e9n restaura el manto hidrolip\u00eddico que protege de los agentes externos.[\/et_pb_text][\/et_pb_column][\/et_pb_row][\/et_pb_section][et_pb_section admin_label=\u00bbSekcja\u00bb fullwidth=\u00bboff\u00bb specialty=\u00bboff\u00bb][et_pb_row admin_label=\u00bbWiersz\u00bb][et_pb_column type=\u00bb4_4&#8243;][et_pb_code admin_label=\u00bbKod\u00bb module_class=\u00bbnaglow czarne\u00bb]&lt;h3&gt;Contenido del envase&lt;\/h3&gt;[\/et_pb_code][et_pb_image admin_label=\u00bbObraz\u00bb src=\u00bbhttp:\/\/exclusivecosmetics.pl\/wp-content\/uploads\/2016\/12\/640&#215;495-1.png\u00bb show_in_lightbox=\u00bboff\u00bb url_new_window=\u00bboff\u00bb use_overlay=\u00bboff\u00bb animation=\u00bboff\u00bb sticky=\u00bboff\u00bb align=\u00bbcenter\u00bb force_fullwidth=\u00bboff\u00bb always_center_on_mobile=\u00bbon\u00bb use_border_color=\u00bboff\u00bb border_color=\u00bb#ffffff\u00bb border_style=\u00bbsolid\u00bb] [\/et_pb_image][et_pb_text admin_label=\u00bbTekst\u00bb background_layout=\u00bblight\u00bb text_orientation=\u00bbcenter\u00bb use_border_color=\u00bboff\u00bb border_color=\u00bb#ffffff\u00bb border_style=\u00bbsolid\u00bb module_class=\u00bbdomowe-spa\u00bb text_font_size=\u00bb15&#8243; text_line_height=\u00bb1.8em\u00bb]La caja de la m\u00e1scara para las manos se abre por un lateral. Est\u00e1 compuesta por una soluci\u00f3n con la que el film pl\u00e1stico de friselina est\u00e1 fuertemente impregnado, metido en dos guantes de tela encerada.[\/et_pb_text][et_pb_image admin_label=\u00bbObraz\u00bb src=\u00bbhttp:\/\/exclusivecosmetics.pl\/wp-content\/uploads\/2016\/12\/640&#215;495-4.png\u00bb show_in_lightbox=\u00bboff\u00bb url_new_window=\u00bboff\u00bb use_overlay=\u00bboff\u00bb animation=\u00bboff\u00bb sticky=\u00bboff\u00bb align=\u00bbcenter\u00bb force_fullwidth=\u00bboff\u00bb always_center_on_mobile=\u00bbon\u00bb use_border_color=\u00bboff\u00bb border_color=\u00bb#ffffff\u00bb border_style=\u00bbsolid\u00bb] [\/et_pb_image][et_pb_text admin_label=\u00bbTekst\u00bb background_layout=\u00bblight\u00bb text_orientation=\u00bbcenter\u00bb use_border_color=\u00bboff\u00bb border_color=\u00bb#ffffff\u00bb border_style=\u00bbsolid\u00bb module_class=\u00bbdomowe-spa\u00bb text_font_size=\u00bb15&#8243; text_line_height=\u00bb1.8em\u00bb]Al abrir la caja encontramos dos guantes de tela suavemente encerada. El envase incluye unas cintas adhesivas que sellan el producto durante su uso.[\/et_pb_text][et_pb_image admin_label=\u00bbObraz\u00bb src=\u00bbhttp:\/\/exclusivecosmetics.pl\/wp-content\/uploads\/2016\/12\/640&#215;495-6.png\u00bb show_in_lightbox=\u00bboff\u00bb url_new_window=\u00bboff\u00bb use_overlay=\u00bboff\u00bb animation=\u00bboff\u00bb sticky=\u00bboff\u00bb align=\u00bbcenter\u00bb force_fullwidth=\u00bboff\u00bb always_center_on_mobile=\u00bbon\u00bb use_border_color=\u00bboff\u00bb border_color=\u00bb#ffffff\u00bb border_style=\u00bbsolid\u00bb] [\/et_pb_image][et_pb_text admin_label=\u00bbTekst\u00bb background_layout=\u00bblight\u00bb text_orientation=\u00bbcenter\u00bb use_border_color=\u00bboff\u00bb border_color=\u00bb#ffffff\u00bb border_style=\u00bbsolid\u00bb module_class=\u00bbdomowe-spa\u00bb text_font_size=\u00bb15&#8243; text_line_height=\u00bb1.8em\u00bb]La tela encerada que protege los guantes de friselina es suave y no irrita la piel de las manos durante su aplicaci\u00f3n. El dise\u00f1o de los Guantes SPA permite su uso libremente, no limitando la capacidad de realizar parte de las tareas del hogar.<br \/>\nLos guantes impregnados intensamente con la soluci\u00f3n, de forma que, independientemente de la duraci\u00f3n del tiempo que se utilicen, el producto llega a todos los rincones y poros de la piel, hidratando intensamente todas las manos. En el primer instante, despu\u00e9s de aplicar la m\u00e1scara sobre las manos, se tiene la sensaci\u00f3n de que las manos se sumergen en una soluci\u00f3n l\u00edquida.[\/et_pb_text][et_pb_image admin_label=\u00bbObraz\u00bb src=\u00bbhttp:\/\/exclusivecosmetics.pl\/wp-content\/uploads\/2016\/12\/640&#215;495-7.png\u00bb show_in_lightbox=\u00bboff\u00bb url_new_window=\u00bboff\u00bb use_overlay=\u00bboff\u00bb animation=\u00bboff\u00bb sticky=\u00bboff\u00bb align=\u00bbcenter\u00bb force_fullwidth=\u00bboff\u00bb always_center_on_mobile=\u00bbon\u00bb use_border_color=\u00bboff\u00bb border_color=\u00bb#ffffff\u00bb border_style=\u00bbsolid\u00bb] [\/et_pb_image][et_pb_text admin_label=\u00bbTekst\u00bb background_layout=\u00bblight\u00bb text_orientation=\u00bbcenter\u00bb use_border_color=\u00bboff\u00bb border_color=\u00bb#ffffff\u00bb border_style=\u00bbsolid\u00bb module_class=\u00bbdomowe-spa\u00bb text_font_size=\u00bb15&#8243; text_line_height=\u00bb1.8em\u00bb]Una vez finalizado el tratamiento, los restos de la soluci\u00f3n de SPA Para Manos deben ser masajeados en las manos y esperar hasta su completa absorci\u00f3n.[\/et_pb_text][\/et_pb_column][\/et_pb_row][et_pb_row admin_label=\u00bbWiersz\u00bb][et_pb_column type=\u00bb4_4&#8243;][et_pb_code admin_label=\u00bbKod\u00bb module_class=\u00bbnaglow czarne\u00bb]&lt;h3&gt;Uso&lt;\/h3&gt;[\/et_pb_code][et_pb_image admin_label=\u00bbObraz\u00bb src=\u00bbhttp:\/\/exclusivecosmetics.pl\/wp-content\/uploads\/2016\/12\/maska__rece_jak_uzywac_www.png\u00bb show_in_lightbox=\u00bboff\u00bb url_new_window=\u00bboff\u00bb use_overlay=\u00bboff\u00bb animation=\u00bboff\u00bb sticky=\u00bboff\u00bb align=\u00bbcenter\u00bb force_fullwidth=\u00bboff\u00bb always_center_on_mobile=\u00bbon\u00bb use_border_color=\u00bboff\u00bb border_color=\u00bb#ffffff\u00bb border_style=\u00bbsolid\u00bb] [\/et_pb_image][et_pb_text admin_label=\u00bbTekst\u00bb background_layout=\u00bblight\u00bb text_orientation=\u00bbcenter\u00bb text_font_size=\u00bb15&#8243; text_line_height=\u00bb1.8em\u00bb use_border_color=\u00bboff\u00bb border_color=\u00bb#ffffff\u00bb border_style=\u00bbsolid\u00bb]<\/p>\n<ol>\n<li>Lavar y secar perfectamente las manos. Abrir el envase y separar los guantes, utilizando las tijeras.<\/li>\n<li>Poner los guantes en las manos y cerrar bien con cintas adhesivas. Dejar actuar la soluci\u00f3n entre 20 y 30 minutos, dependiendo de las necesidades de la piel.<\/li>\n<li>Despu\u00e9s de quitar los guantes SPA Para Manos, masajear con los restos de la soluci\u00f3n.<\/li>\n<\/ol>\n<p>[\/et_pb_text][\/et_pb_column][\/et_pb_row][et_pb_row admin_label=\u00bbrow\u00bb][et_pb_column type=\u00bb4_4&#8243;][et_pb_code admin_label=\u00bbKod\u00bb module_class=\u00bbnaglow czarne\u00bb]&lt;h3&gt;PRODUCTOS DE ESTA SERIE&lt;\/h3&gt;[\/et_pb_code][et_pb_text admin_label=\u00bbTekst\u00bb background_layout=\u00bblight\u00bb text_orientation=\u00bbleft\u00bb use_border_color=\u00bboff\u00bb border_color=\u00bb#ffffff\u00bb border_style=\u00bbsolid\u00bb] [wpcsp id=\u00bb475&#8243;] [\/et_pb_text][\/et_pb_column][\/et_pb_row][\/et_pb_section]<\/p>\n","protected":false},"excerpt":{"rendered":"<p>[et_pb_section admin_label=\u00bbsection\u00bb transparent_background=\u00bboff\u00bb background_color=\u00bb#9d7e9e\u00bb allow_player_pause=\u00bboff\u00bb inner_shadow=\u00bboff\u00bb parallax=\u00bboff\u00bb parallax_method=\u00bboff\u00bb padding_mobile=\u00bboff\u00bb make_fullwidth=\u00bboff\u00bb use_custom_width=\u00bboff\u00bb width_unit=\u00bbon\u00bb make_equal=\u00bboff\u00bb use_custom_gutter=\u00bboff\u00bb custom_padding=\u00bb0px|||\u00bb][et_pb_row admin_label=\u00bbrow\u00bb make_fullwidth=\u00bboff\u00bb use_custom_width=\u00bboff\u00bb width_unit=\u00bbon\u00bb use_custom_gutter=\u00bboff\u00bb custom_padding=\u00bb0px|||\u00bb padding_mobile=\u00bboff\u00bb allow_player_pause=\u00bboff\u00bb parallax=\u00bboff\u00bb parallax_method=\u00bboff\u00bb make_equal=\u00bboff\u00bb parallax_1=\u00bboff\u00bb parallax_method_1=\u00bboff\u00bb parallax_2=\u00bboff\u00bb parallax_method_2=\u00bboff\u00bb column_padding_mobile=\u00bbon\u00bb][et_pb_column type=\u00bb1_2&#8243;][et_pb_code admin_label=\u00bbKod\u00bb module_class=\u00bbnaglow biale wiekszy\u00bb]&lt;h3&gt;SPA\u00a0para la mano &lt;\/h3&gt;[\/et_pb_code][\/et_pb_column][et_pb_column type=\u00bb1_2&#8243;][et_pb_image admin_label=\u00bbObraz\u00bb src=\u00bbhttp:\/\/exclusivecosmetics.pl\/wp-content\/uploads\/2016\/12\/rece.jpg\u00bb show_in_lightbox=\u00bboff\u00bb url_new_window=\u00bboff\u00bb use_overlay=\u00bboff\u00bb animation=\u00bboff\u00bb sticky=\u00bbon\u00bb align=\u00bbcenter\u00bb force_fullwidth=\u00bboff\u00bb always_center_on_mobile=\u00bbon\u00bb use_border_color=\u00bboff\u00bb border_color=\u00bb#ffffff\u00bb border_style=\u00bbsolid\u00bb] [\/et_pb_image][\/et_pb_column][\/et_pb_row][\/et_pb_section][et_pb_section admin_label=\u00bbSekcja\u00bb [&hellip;]<\/p>\n","protected":false},"author":2,"featured_media":0,"parent":1546,"menu_order":0,"comment_status":"closed","ping_status":"closed","template":"","meta":{"_et_pb_use_builder":"on","_et_pb_old_content":"","_et_gb_content_width":"","footnotes":""},"class_list":["post-1603","page","type-page","status-publish","hentry"],"_links":{"self":[{"href":"https:\/\/exclusivecosmetics.pl\/es\/wp-json\/wp\/v2\/pages\/1603"}],"collection":[{"href":"https:\/\/exclusivecosmetics.pl\/es\/wp-json\/wp\/v2\/pages"}],"about":[{"href":"https:\/\/exclusivecosmetics.pl\/es\/wp-json\/wp\/v2\/types\/page"}],"author":[{"embeddable":true,"href":"https:\/\/exclusivecosmetics.pl\/es\/wp-json\/wp\/v2\/users\/2"}],"replies":[{"embeddable":true,"href":"https:\/\/exclusivecosmetics.pl\/es\/wp-json\/wp\/v2\/comments?post=1603"}],"version-history":[{"count":0,"href":"https:\/\/exclusivecosmetics.pl\/es\/wp-json\/wp\/v2\/pages\/1603\/revisions"}],"up":[{"embeddable":true,"href":"https:\/\/exclusivecosmetics.pl\/es\/wp-json\/wp\/v2\/pages\/1546"}],"wp:attachment":[{"href":"https:\/\/exclusivecosmetics.pl\/es\/wp-json\/wp\/v2\/media?parent=1603"}],"curies":[{"name":"wp","href":"https:\/\/api.w.org\/{rel}","templated":true}]}}