{"id":1585,"date":"2018-03-06T12:48:16","date_gmt":"2018-03-06T12:48:16","guid":{"rendered":"https:\/\/exclusivecosmetics.pl\/consejos-del-experto\/"},"modified":"2018-03-06T12:51:36","modified_gmt":"2018-03-06T12:51:36","slug":"consejos-del-experto","status":"publish","type":"page","link":"https:\/\/exclusivecosmetics.pl\/es\/consejos-del-experto\/","title":{"rendered":"CONSEJOS DEL EXPERTO"},"content":{"rendered":"<p>[et_pb_section admin_label=\u00bbsection\u00bb transparent_background=\u00bboff\u00bb background_color=\u00bb#00b2b2&#8243; allow_player_pause=\u00bboff\u00bb inner_shadow=\u00bboff\u00bb parallax=\u00bboff\u00bb parallax_method=\u00bboff\u00bb padding_mobile=\u00bboff\u00bb make_fullwidth=\u00bboff\u00bb use_custom_width=\u00bboff\u00bb width_unit=\u00bbon\u00bb make_equal=\u00bboff\u00bb use_custom_gutter=\u00bboff\u00bb custom_padding=\u00bb0px|||\u00bb][et_pb_row admin_label=\u00bbrow\u00bb make_fullwidth=\u00bboff\u00bb use_custom_width=\u00bboff\u00bb width_unit=\u00bbon\u00bb use_custom_gutter=\u00bboff\u00bb custom_padding=\u00bb0px|||\u00bb padding_mobile=\u00bboff\u00bb allow_player_pause=\u00bboff\u00bb parallax=\u00bboff\u00bb parallax_method=\u00bboff\u00bb make_equal=\u00bboff\u00bb parallax_1=\u00bboff\u00bb parallax_method_1=\u00bboff\u00bb parallax_2=\u00bboff\u00bb parallax_method_2=\u00bboff\u00bb column_padding_mobile=\u00bbon\u00bb][et_pb_column type=\u00bb1_2&#8243;][et_pb_code admin_label=\u00bbKod\u00bb module_class=\u00bbnaglow biale wiekszy\u00bb]&lt;h3&gt;CONSEJOS DEL EXPERTO&lt;\/h3&gt;[\/et_pb_code][\/et_pb_column][et_pb_column type=\u00bb1_2&#8243;][et_pb_image admin_label=\u00bbObraz\u00bb src=\u00bbhttp:\/\/exclusivecosmetics.pl\/wp-content\/uploads\/2016\/12\/porady-ekspertow.png\u00bb show_in_lightbox=\u00bboff\u00bb url_new_window=\u00bboff\u00bb use_overlay=\u00bboff\u00bb animation=\u00bboff\u00bb sticky=\u00bbon\u00bb align=\u00bbcenter\u00bb force_fullwidth=\u00bboff\u00bb always_center_on_mobile=\u00bbon\u00bb use_border_color=\u00bboff\u00bb border_color=\u00bb#ffffff\u00bb border_style=\u00bbsolid\u00bb] [\/et_pb_image][\/et_pb_column][\/et_pb_row][\/et_pb_section][et_pb_section admin_label=\u00bbSekcja\u00bb fullwidth=\u00bboff\u00bb specialty=\u00bboff\u00bb transparent_background=\u00bboff\u00bb background_color=\u00bb#000000&#8243; allow_player_pause=\u00bboff\u00bb inner_shadow=\u00bboff\u00bb parallax=\u00bboff\u00bb parallax_method=\u00bboff\u00bb padding_mobile=\u00bboff\u00bb make_fullwidth=\u00bboff\u00bb use_custom_width=\u00bboff\u00bb width_unit=\u00bbon\u00bb make_equal=\u00bboff\u00bb use_custom_gutter=\u00bboff\u00bb][et_pb_row admin_label=\u00bbWiersz\u00bb][et_pb_column type=\u00bb4_4&#8243;][et_pb_code admin_label=\u00bbKod\u00bb module_class=\u00bbnaglow biale\u00bb]&lt;h3&gt;CONSEJOS DEL EXPERTO&lt;\/h3&gt;[\/et_pb_code][\/et_pb_column][\/et_pb_row][et_pb_row admin_label=\u00bbWiersz\u00bb][et_pb_column type=\u00bb4_4&#8243;][et_pb_text admin_label=\u00bbTekst\u00bb background_layout=\u00bbdark\u00bb text_orientation=\u00bbcenter\u00bb use_border_color=\u00bboff\u00bb border_color=\u00bb#ffffff\u00bb border_style=\u00bbsolid\u00bb text_font_size=\u00bb15&#8243; text_line_height=\u00bb1.8em\u00bb]EXCLUSIVE COSMETICS no son los t\u00edpicos cosm\u00e9ticos de droguer\u00eda. Su f\u00f3rmula se basa en unos componentes seleccionados y elaborados para satisfacer las necesidades de la piel, de acuerdo con sus necesidades biol\u00f3gicas. Las bases de todos los cosm\u00e9ticos han sido desarrolladas en nuestro laboratorio para que puedan dirigir a los componentes activos ayudando a llegar a las partes elegidas de la piel. La f\u00f3rmula fue desarrollada en nuestro laboratorio por profesionales altamente cualificados y t\u00e9cnicos con experiencia. El acceso a la tecnolog\u00eda moderna y componentes de alta calidad, est\u00e1 apoyado por el conocimiento y la experiencia de nuestros expertos.<\/p>\n<p>Ponemos a vuestra disposici\u00f3n los conocimientos y experiencia de nuestros expertos. A continuaci\u00f3n pod\u00e9is encontrar consejos, descripciones de productos y explicaciones relativas a la composici\u00f3n. Y si no encontr\u00e1is aqu\u00ed la informaci\u00f3n deseada, siempre nos pod\u00e9is hacer una pregunta.[\/et_pb_text][\/et_pb_column][\/et_pb_row][\/et_pb_section][et_pb_section admin_label=\u00bbSekcja\u00bb fullwidth=\u00bboff\u00bb specialty=\u00bboff\u00bb][et_pb_row admin_label=\u00bbWiersz\u00bb][et_pb_column type=\u00bb4_4&#8243;][et_pb_blog admin_label=\u00bbBlog\u00bb fullwidth=\u00bboff\u00bb show_thumbnail=\u00bbon\u00bb show_content=\u00bboff\u00bb show_more=\u00bbon\u00bb show_author=\u00bboff\u00bb show_date=\u00bboff\u00bb show_categories=\u00bboff\u00bb show_comments=\u00bboff\u00bb show_pagination=\u00bbon\u00bb offset_number=\u00bb0&#8243; use_overlay=\u00bboff\u00bb background_layout=\u00bblight\u00bb use_dropshadow=\u00bboff\u00bb use_border_color=\u00bboff\u00bb border_color=\u00bb#ffffff\u00bb border_style=\u00bbsolid\u00bb include_categories=\u00bb18&#8243;] [\/et_pb_blog][\/et_pb_column][\/et_pb_row][\/et_pb_section]<\/p>\n","protected":false},"excerpt":{"rendered":"<p>[et_pb_section admin_label=\u00bbsection\u00bb transparent_background=\u00bboff\u00bb background_color=\u00bb#00b2b2&#8243; allow_player_pause=\u00bboff\u00bb inner_shadow=\u00bboff\u00bb parallax=\u00bboff\u00bb parallax_method=\u00bboff\u00bb padding_mobile=\u00bboff\u00bb make_fullwidth=\u00bboff\u00bb use_custom_width=\u00bboff\u00bb width_unit=\u00bbon\u00bb make_equal=\u00bboff\u00bb use_custom_gutter=\u00bboff\u00bb custom_padding=\u00bb0px|||\u00bb][et_pb_row admin_label=\u00bbrow\u00bb make_fullwidth=\u00bboff\u00bb use_custom_width=\u00bboff\u00bb width_unit=\u00bbon\u00bb use_custom_gutter=\u00bboff\u00bb custom_padding=\u00bb0px|||\u00bb padding_mobile=\u00bboff\u00bb allow_player_pause=\u00bboff\u00bb parallax=\u00bboff\u00bb parallax_method=\u00bboff\u00bb make_equal=\u00bboff\u00bb parallax_1=\u00bboff\u00bb parallax_method_1=\u00bboff\u00bb parallax_2=\u00bboff\u00bb parallax_method_2=\u00bboff\u00bb column_padding_mobile=\u00bbon\u00bb][et_pb_column type=\u00bb1_2&#8243;][et_pb_code admin_label=\u00bbKod\u00bb module_class=\u00bbnaglow biale wiekszy\u00bb]&lt;h3&gt;CONSEJOS DEL EXPERTO&lt;\/h3&gt;[\/et_pb_code][\/et_pb_column][et_pb_column type=\u00bb1_2&#8243;][et_pb_image admin_label=\u00bbObraz\u00bb src=\u00bbhttp:\/\/exclusivecosmetics.pl\/wp-content\/uploads\/2016\/12\/porady-ekspertow.png\u00bb show_in_lightbox=\u00bboff\u00bb url_new_window=\u00bboff\u00bb use_overlay=\u00bboff\u00bb animation=\u00bboff\u00bb sticky=\u00bbon\u00bb align=\u00bbcenter\u00bb force_fullwidth=\u00bboff\u00bb always_center_on_mobile=\u00bbon\u00bb use_border_color=\u00bboff\u00bb border_color=\u00bb#ffffff\u00bb border_style=\u00bbsolid\u00bb] [\/et_pb_image][\/et_pb_column][\/et_pb_row][\/et_pb_section][et_pb_section admin_label=\u00bbSekcja\u00bb fullwidth=\u00bboff\u00bb [&hellip;]<\/p>\n","protected":false},"author":2,"featured_media":0,"parent":0,"menu_order":0,"comment_status":"closed","ping_status":"closed","template":"","meta":{"_et_pb_use_builder":"on","_et_pb_old_content":"","_et_gb_content_width":"","footnotes":""},"class_list":["post-1585","page","type-page","status-publish","hentry"],"_links":{"self":[{"href":"https:\/\/exclusivecosmetics.pl\/es\/wp-json\/wp\/v2\/pages\/1585"}],"collection":[{"href":"https:\/\/exclusivecosmetics.pl\/es\/wp-json\/wp\/v2\/pages"}],"about":[{"href":"https:\/\/exclusivecosmetics.pl\/es\/wp-json\/wp\/v2\/types\/page"}],"author":[{"embeddable":true,"href":"https:\/\/exclusivecosmetics.pl\/es\/wp-json\/wp\/v2\/users\/2"}],"replies":[{"embeddable":true,"href":"https:\/\/exclusivecosmetics.pl\/es\/wp-json\/wp\/v2\/comments?post=1585"}],"version-history":[{"count":0,"href":"https:\/\/exclusivecosmetics.pl\/es\/wp-json\/wp\/v2\/pages\/1585\/revisions"}],"wp:attachment":[{"href":"https:\/\/exclusivecosmetics.pl\/es\/wp-json\/wp\/v2\/media?parent=1585"}],"curies":[{"name":"wp","href":"https:\/\/api.w.org\/{rel}","templated":true}]}}