{"id":1565,"date":"2018-03-06T12:35:44","date_gmt":"2018-03-06T12:35:44","guid":{"rendered":"https:\/\/exclusivecosmetics.pl\/cuerpo\/"},"modified":"2018-05-02T15:56:35","modified_gmt":"2018-05-02T15:56:35","slug":"cuerpo","status":"publish","type":"page","link":"https:\/\/exclusivecosmetics.pl\/es\/cuerpo\/","title":{"rendered":"CUERPO"},"content":{"rendered":"<p>[et_pb_section bb_built=\u00bb1&#8243; admin_label=\u00bbsection\u00bb transparent_background=\u00bboff\u00bb background_color=\u00bb#cfcac6&#8243; allow_player_pause=\u00bboff\u00bb inner_shadow=\u00bboff\u00bb parallax=\u00bboff\u00bb parallax_method=\u00bboff\u00bb padding_mobile=\u00bboff\u00bb make_fullwidth=\u00bboff\u00bb use_custom_width=\u00bboff\u00bb width_unit=\u00bbon\u00bb make_equal=\u00bboff\u00bb use_custom_gutter=\u00bboff\u00bb custom_padding=\u00bb0px|||\u00bb module_class=\u00bbpas-gora\u00bb custom_padding_tablet=\u00bb50px|0|50px|0&#8243; custom_padding_last_edited=\u00bbon|desktop\u00bb next_background_color=\u00bb#000000&#8243;][et_pb_row admin_label=\u00bbrow\u00bb make_fullwidth=\u00bboff\u00bb use_custom_width=\u00bboff\u00bb width_unit=\u00bbon\u00bb use_custom_gutter=\u00bboff\u00bb custom_padding=\u00bb0px|||\u00bb padding_mobile=\u00bboff\u00bb allow_player_pause=\u00bboff\u00bb parallax=\u00bboff\u00bb parallax_method=\u00bboff\u00bb make_equal=\u00bboff\u00bb parallax_1=\u00bboff\u00bb parallax_method_1=\u00bboff\u00bb parallax_2=\u00bboff\u00bb parallax_method_2=\u00bboff\u00bb column_padding_mobile=\u00bbon\u00bb background_position=\u00bbtop_left\u00bb background_repeat=\u00bbrepeat\u00bb background_size=\u00bbinitial\u00bb][et_pb_column type=\u00bb1_2&#8243;][et_pb_code module_class=\u00bbnaglow biale wiekszy\u00bb]&lt;h3&gt;Cuerpo&lt;\/h3&gt;[\/et_pb_code][\/et_pb_column][et_pb_column type=\u00bb1_2&#8243;][et_pb_image src=\u00bbhttp:\/\/exclusivecosmetics.pl\/wp-content\/uploads\/2016\/11\/cialo-2.png\u00bb show_in_lightbox=\u00bboff\u00bb url_new_window=\u00bboff\u00bb use_overlay=\u00bboff\u00bb animation=\u00bboff\u00bb sticky=\u00bbon\u00bb align=\u00bbcenter\u00bb force_fullwidth=\u00bboff\u00bb always_center_on_mobile=\u00bbon\u00bb use_border_color=\u00bboff\u00bb border_color=\u00bb#ffffff\u00bb border_style=\u00bbsolid\u00bb animation_style=\u00bbnone\u00bb animation_duration=\u00bb1000ms\u00bb animation_intensity_slide=\u00bb50%\u00bb show_bottom_space=\u00bboff\u00bb \/][\/et_pb_column][\/et_pb_row][\/et_pb_section][et_pb_section bb_built=\u00bb1&#8243; fullwidth=\u00bboff\u00bb specialty=\u00bboff\u00bb transparent_background=\u00bboff\u00bb background_color=\u00bb#000000&#8243; allow_player_pause=\u00bboff\u00bb inner_shadow=\u00bboff\u00bb parallax=\u00bboff\u00bb parallax_method=\u00bboff\u00bb padding_mobile=\u00bboff\u00bb make_fullwidth=\u00bboff\u00bb use_custom_width=\u00bboff\u00bb width_unit=\u00bbon\u00bb make_equal=\u00bboff\u00bb use_custom_gutter=\u00bboff\u00bb custom_padding_tablet=\u00bb50px|0|50px|0&#8243; custom_padding_last_edited=\u00bbon|desktop\u00bb prev_background_color=\u00bb#cfcac6&#8243; next_background_color=\u00bb#ffffff\u00bb][et_pb_row background_position=\u00bbtop_left\u00bb background_repeat=\u00bbrepeat\u00bb background_size=\u00bbinitial\u00bb][et_pb_column type=\u00bb4_4&#8243;][et_pb_code module_class=\u00bbnaglow biale\u00bb]&lt;h3&gt;CUIDADO ADECUADO DEL CUERPO&lt;\/h3&gt;[\/et_pb_code][\/et_pb_column][\/et_pb_row][et_pb_row background_position=\u00bbtop_left\u00bb background_repeat=\u00bbrepeat\u00bb background_size=\u00bbinitial\u00bb][et_pb_column type=\u00bb1_2&#8243;][et_pb_text background_layout=\u00bbdark\u00bb text_orientation=\u00bbleft\u00bb use_border_color=\u00bboff\u00bb border_color=\u00bb#ffffff\u00bb border_style=\u00bbsolid\u00bb module_class=\u00bbcol-lew-czar\u00bb text_font_size=\u00bb15&#8243; text_line_height=\u00bb1.8em\u00bb background_position=\u00bbtop_left\u00bb background_repeat=\u00bbrepeat\u00bb background_size=\u00bbinitial\u00bb]<\/p>\n<p>Independientemente de la edad, hay que tener cuidado de la piel y su aspecto. Una dieta adecuada y la actividad f\u00edsica deben ser apoyados por cosm\u00e9ticos que permitan el modelado del cuerpo. Sin embargo, esto viene determinado por su estado. La apariencia de la piel depende de que se encuentren cubiertas las necesidades de sus partes individuales. La l\u00ednea SLIM son productos cuyas f\u00f3rmulas son espec\u00edficas para cubrir las necesidades m\u00e1s fundamentales de las mujeres.<\/p>\n<p>[\/et_pb_text][\/et_pb_column][et_pb_column type=\u00bb1_2&#8243;][et_pb_text background_layout=\u00bbdark\u00bb text_orientation=\u00bbleft\u00bb use_border_color=\u00bboff\u00bb border_color=\u00bb#ffffff\u00bb border_style=\u00bbsolid\u00bb module_class=\u00bbcol-praw-czar\u00bb text_font_size=\u00bb15&#8243; text_line_height=\u00bb1.8em\u00bb background_position=\u00bbtop_left\u00bb background_repeat=\u00bbrepeat\u00bb background_size=\u00bbinitial\u00bb]<\/p>\n<p>La celulitis en los muslos y las caderas, las estr\u00edas en el abdomen, las cicatrices y el busto ca\u00eddo &#8211; su regeneraci\u00f3n puede estimularse mediante tratamientos diarios en casa, que no requieren demasiado tiempo, ni tampoco visitas frecuentes a los salones de belleza. Basta con dedicarle un par de minutos antes de la hora de acostarse, realizando un masaje con el producto en las partes espec\u00edficas, lo que hace que la aplicaci\u00f3n de las cremas permita una mejor absorci\u00f3n y la activaci\u00f3n r\u00e1pida de la acci\u00f3n de los principios activos. En conjunci\u00f3n con una buena dieta y actividad permanente, el modelado del cuerpo es a\u00fan m\u00e1s f\u00e1cil.<\/p>\n<p>[\/et_pb_text][\/et_pb_column][\/et_pb_row][\/et_pb_section][et_pb_section bb_built=\u00bb1&#8243; fullwidth=\u00bboff\u00bb specialty=\u00bboff\u00bb prev_background_color=\u00bb#000000&#8243;][et_pb_row admin_label=\u00bbrow\u00bb background_position=\u00bbtop_left\u00bb background_repeat=\u00bbrepeat\u00bb background_size=\u00bbinitial\u00bb][et_pb_column type=\u00bb4_4&#8243;][et_pb_code module_class=\u00bbnaglow czarne\u00bb]&lt;h3&gt;CREMAS CORPORALES&lt;\/h3&gt;[\/et_pb_code][et_pb_text background_layout=\u00bblight\u00bb use_border_color=\u00bboff\u00bb background_position=\u00bbtop_left\u00bb background_repeat=\u00bbrepeat\u00bb background_size=\u00bbinitial\u00bb _builder_version=\u00bb3.0.106&#8243;]<\/p>\n<p>[wpcsp id=\u00bb1768&#8243;]<\/p>\n<p>[\/et_pb_text][\/et_pb_column][\/et_pb_row][\/et_pb_section]<\/p>\n","protected":false},"excerpt":{"rendered":"<p>[et_pb_section bb_built=\u00bb1&#8243; admin_label=\u00bbsection\u00bb transparent_background=\u00bboff\u00bb background_color=\u00bb#cfcac6&#8243; allow_player_pause=\u00bboff\u00bb inner_shadow=\u00bboff\u00bb parallax=\u00bboff\u00bb parallax_method=\u00bboff\u00bb padding_mobile=\u00bboff\u00bb make_fullwidth=\u00bboff\u00bb use_custom_width=\u00bboff\u00bb width_unit=\u00bbon\u00bb make_equal=\u00bboff\u00bb use_custom_gutter=\u00bboff\u00bb custom_padding=\u00bb0px|||\u00bb module_class=\u00bbpas-gora\u00bb custom_padding_tablet=\u00bb50px|0|50px|0&#8243; custom_padding_last_edited=\u00bbon|desktop\u00bb next_background_color=\u00bb#000000&#8243;][et_pb_row admin_label=\u00bbrow\u00bb make_fullwidth=\u00bboff\u00bb use_custom_width=\u00bboff\u00bb width_unit=\u00bbon\u00bb use_custom_gutter=\u00bboff\u00bb custom_padding=\u00bb0px|||\u00bb padding_mobile=\u00bboff\u00bb allow_player_pause=\u00bboff\u00bb parallax=\u00bboff\u00bb parallax_method=\u00bboff\u00bb make_equal=\u00bboff\u00bb parallax_1=\u00bboff\u00bb parallax_method_1=\u00bboff\u00bb parallax_2=\u00bboff\u00bb parallax_method_2=\u00bboff\u00bb column_padding_mobile=\u00bbon\u00bb background_position=\u00bbtop_left\u00bb background_repeat=\u00bbrepeat\u00bb background_size=\u00bbinitial\u00bb][et_pb_column type=\u00bb1_2&#8243;][et_pb_code module_class=\u00bbnaglow biale wiekszy\u00bb]&lt;h3&gt;Cuerpo&lt;\/h3&gt;[\/et_pb_code][\/et_pb_column][et_pb_column type=\u00bb1_2&#8243;][et_pb_image src=\u00bbhttp:\/\/exclusivecosmetics.pl\/wp-content\/uploads\/2016\/11\/cialo-2.png\u00bb show_in_lightbox=\u00bboff\u00bb url_new_window=\u00bboff\u00bb use_overlay=\u00bboff\u00bb animation=\u00bboff\u00bb sticky=\u00bbon\u00bb align=\u00bbcenter\u00bb force_fullwidth=\u00bboff\u00bb always_center_on_mobile=\u00bbon\u00bb use_border_color=\u00bboff\u00bb border_color=\u00bb#ffffff\u00bb [&hellip;]<\/p>\n","protected":false},"author":2,"featured_media":0,"parent":0,"menu_order":0,"comment_status":"closed","ping_status":"closed","template":"","meta":{"_et_pb_use_builder":"on","_et_pb_old_content":"","_et_gb_content_width":"","footnotes":""},"class_list":["post-1565","page","type-page","status-publish","hentry"],"_links":{"self":[{"href":"https:\/\/exclusivecosmetics.pl\/es\/wp-json\/wp\/v2\/pages\/1565"}],"collection":[{"href":"https:\/\/exclusivecosmetics.pl\/es\/wp-json\/wp\/v2\/pages"}],"about":[{"href":"https:\/\/exclusivecosmetics.pl\/es\/wp-json\/wp\/v2\/types\/page"}],"author":[{"embeddable":true,"href":"https:\/\/exclusivecosmetics.pl\/es\/wp-json\/wp\/v2\/users\/2"}],"replies":[{"embeddable":true,"href":"https:\/\/exclusivecosmetics.pl\/es\/wp-json\/wp\/v2\/comments?post=1565"}],"version-history":[{"count":2,"href":"https:\/\/exclusivecosmetics.pl\/es\/wp-json\/wp\/v2\/pages\/1565\/revisions"}],"predecessor-version":[{"id":1769,"href":"https:\/\/exclusivecosmetics.pl\/es\/wp-json\/wp\/v2\/pages\/1565\/revisions\/1769"}],"wp:attachment":[{"href":"https:\/\/exclusivecosmetics.pl\/es\/wp-json\/wp\/v2\/media?parent=1565"}],"curies":[{"name":"wp","href":"https:\/\/api.w.org\/{rel}","templated":true}]}}