{"id":1508,"date":"2018-03-06T10:45:49","date_gmt":"2018-03-06T10:45:49","guid":{"rendered":"https:\/\/exclusivecosmetics.pl\/pagina-de-inicio\/"},"modified":"2018-10-24T09:58:38","modified_gmt":"2018-10-24T09:58:38","slug":"pagina-de-inicio","status":"publish","type":"page","link":"https:\/\/exclusivecosmetics.pl\/es\/","title":{"rendered":"P\u00e1gina de inicio"},"content":{"rendered":"<p>[et_pb_section bb_built=\u00bb1&#8243; fullwidth=\u00bbon\u00bb specialty=\u00bboff\u00bb transparent_background=\u00bboff\u00bb background_video_mp4=\u00bbhttps:\/\/exclusivecosmetics.pl\/wp-content\/uploads\/2016\/11\/Fotolia_108480428_V_HD1080_x264.mp4&#8243; allow_player_pause=\u00bboff\u00bb inner_shadow=\u00bboff\u00bb parallax=\u00bboff\u00bb parallax_method=\u00bboff\u00bb padding_mobile=\u00bboff\u00bb make_fullwidth=\u00bboff\u00bb use_custom_width=\u00bboff\u00bb width_unit=\u00bbon\u00bb make_equal=\u00bboff\u00bb use_custom_gutter=\u00bboff\u00bb module_class=\u00bbvideo-head\u00bb custom_padding_tablet=\u00bb50px|0|50px|0&#8243; custom_padding_last_edited=\u00bbon|desktop\u00bb prev_background_color=\u00bb#000000&#8243; next_background_color=\u00bb#000000&#8243;][et_pb_fullwidth_image _builder_version=\u00bb3.0.106&#8243; src=\u00bbhttps:\/\/exclusivecosmetics.pl\/wp-content\/uploads\/2018\/10\/EC-BANER-NA-STRONE-EC-1600X610-px-ang-ESP.jpg\u00bb show_in_lightbox=\u00bboff\u00bb url_new_window=\u00bboff\u00bb use_overlay=\u00bboff\u00bb \/][\/et_pb_section][et_pb_section bb_built=\u00bb1&#8243; fullwidth=\u00bboff\u00bb specialty=\u00bboff\u00bb transparent_background=\u00bboff\u00bb background_color=\u00bb#000000&#8243; allow_player_pause=\u00bboff\u00bb inner_shadow=\u00bboff\u00bb parallax=\u00bboff\u00bb parallax_method=\u00bboff\u00bb padding_mobile=\u00bboff\u00bb make_fullwidth=\u00bboff\u00bb use_custom_width=\u00bboff\u00bb width_unit=\u00bbon\u00bb make_equal=\u00bboff\u00bb use_custom_gutter=\u00bboff\u00bb custom_padding_tablet=\u00bb50px|0|50px|0&#8243; custom_padding_last_edited=\u00bbon|desktop\u00bb prev_background_color=\u00bb#ffffff\u00bb next_background_color=\u00bb#ffffff\u00bb][et_pb_row background_position=\u00bbtop_left\u00bb background_repeat=\u00bbrepeat\u00bb background_size=\u00bbinitial\u00bb][et_pb_column type=\u00bb4_4&#8243;][et_pb_code module_class=\u00bbnaglow biale\u00bb]&lt;h3&gt;&lt;span class=\u00bbmaly-tyt\u00bb&gt;\u00bfPor qu\u00e9 &lt;\/span&gt;&lt;br \/&gt; EXCLUSIVE COSMETICS?&lt;\/h3&gt;[\/et_pb_code][\/et_pb_column][\/et_pb_row][et_pb_row background_position=\u00bbtop_left\u00bb background_repeat=\u00bbrepeat\u00bb background_size=\u00bbinitial\u00bb][et_pb_column type=\u00bb1_2&#8243;][et_pb_text background_layout=\u00bbdark\u00bb text_orientation=\u00bbleft\u00bb use_border_color=\u00bboff\u00bb border_color=\u00bb#ffffff\u00bb border_style=\u00bbsolid\u00bb module_class=\u00bbcol-lew-czar\u00bb text_letter_spacing_last_edited=\u00bboff|\u00bb text_line_height=\u00bb1.8em\u00bb text_font_size=\u00bb16&#8243; text_font_size_last_edited=\u00bboff|\u00bb background_position=\u00bbtop_left\u00bb background_repeat=\u00bbrepeat\u00bb background_size=\u00bbinitial\u00bb]<\/p>\n<p>S\u00f3lo un uso regular de cosm\u00e9ticos eficaces, consigue unos efectos duraderos \u2013 la piel de la cara, manos, pies y cuerpo queda lisa y nutritiva. Las visitas ocasionales al sal\u00f3n de belleza son seguramente insuficientes para poder seguir disfrutando de una tez muy cuidada y perfecta, poder mostrar los pies y el cuerpo con satisfacci\u00f3n, presentar con orgullo unas manos suaves, como las de una modelo.<\/p>\n<p>[\/et_pb_text][\/et_pb_column][et_pb_column type=\u00bb1_2&#8243;][et_pb_text background_layout=\u00bbdark\u00bb text_orientation=\u00bbleft\u00bb use_border_color=\u00bboff\u00bb border_color=\u00bb#ffffff\u00bb border_style=\u00bbsolid\u00bb module_class=\u00bbcol-praw-czar\u00bb text_line_height=\u00bb1.8em\u00bb text_font_size=\u00bb16&#8243; background_position=\u00bbtop_left\u00bb background_repeat=\u00bbrepeat\u00bb background_size=\u00bbinitial\u00bb]<\/p>\n<p>EXCLUSIVE COSMETICS ofrece productos \u00fanicos para un uso propio casero. No necesitas tener conocimientos especializados, aparatos, ni procedimientos complejos. Las sustancias activas cuidadosamente seleccionadas contenidas en los productos, garantizan la eficacia que buscas en el sal\u00f3n de belleza.<\/p>\n<p>[\/et_pb_text][\/et_pb_column][\/et_pb_row][\/et_pb_section][et_pb_section bb_built=\u00bb1&#8243; admin_label=\u00bbsection\u00bb transparent_background=\u00bboff\u00bb allow_player_pause=\u00bboff\u00bb inner_shadow=\u00bboff\u00bb parallax=\u00bboff\u00bb parallax_method=\u00bboff\u00bb padding_mobile=\u00bboff\u00bb make_fullwidth=\u00bboff\u00bb use_custom_width=\u00bboff\u00bb width_unit=\u00bbon\u00bb make_equal=\u00bboff\u00bb use_custom_gutter=\u00bboff\u00bb custom_padding_tablet=\u00bb50px|0|50px|0&#8243; custom_padding_last_edited=\u00bbon|desktop\u00bb prev_background_color=\u00bb#000000&#8243; next_background_color=\u00bb#000000&#8243;][et_pb_row admin_label=\u00bbrow\u00bb background_position=\u00bbtop_left\u00bb background_repeat=\u00bbrepeat\u00bb background_size=\u00bbinitial\u00bb][et_pb_column type=\u00bb4_4&#8243;][et_pb_code module_class=\u00bbnaglow czarne\u00bb]&lt;h3&gt;&lt;span class=\u00bbmaly-tyt\u00bb&gt;ver&lt;\/span&gt;&lt;br \/&gt;NUESTROS PRODUCTOS&lt;\/h3&gt;[\/et_pb_code][\/et_pb_column][\/et_pb_row][et_pb_row make_fullwidth=\u00bboff\u00bb use_custom_width=\u00bboff\u00bb width_unit=\u00bbon\u00bb use_custom_gutter=\u00bbon\u00bb gutter_width=\u00bb0&#8243; padding_mobile=\u00bboff\u00bb allow_player_pause=\u00bboff\u00bb parallax=\u00bboff\u00bb parallax_method=\u00bboff\u00bb make_equal=\u00bboff\u00bb parallax_1=\u00bboff\u00bb parallax_method_1=\u00bboff\u00bb parallax_2=\u00bboff\u00bb parallax_method_2=\u00bboff\u00bb parallax_3=\u00bboff\u00bb parallax_method_3=\u00bboff\u00bb parallax_4=\u00bboff\u00bb parallax_method_4=\u00bboff\u00bb column_padding_mobile=\u00bbon\u00bb background_position=\u00bbtop_left\u00bb background_repeat=\u00bbrepeat\u00bb background_size=\u00bbinitial\u00bb][et_pb_column type=\u00bb1_4&#8243;][et_pb_image src=\u00bbhttp:\/\/exclusivecosmetics.pl\/wp-content\/uploads\/2016\/12\/skarpetki.png\u00bb show_in_lightbox=\u00bboff\u00bb url_new_window=\u00bboff\u00bb use_overlay=\u00bboff\u00bb animation=\u00bboff\u00bb sticky=\u00bbon\u00bb align=\u00bbcenter\u00bb force_fullwidth=\u00bboff\u00bb always_center_on_mobile=\u00bbon\u00bb use_border_color=\u00bbon\u00bb border_color=\u00bb#000000&#8243; border_style=\u00bbsolid\u00bb module_class=\u00bbbox-main2&#8243; animation_style=\u00bbnone\u00bb animation_duration=\u00bb1000ms\u00bb animation_intensity_slide=\u00bb50%\u00bb show_bottom_space=\u00bboff\u00bb border_color_all=\u00bb#000000&#8243; border_width_all=\u00bb0px\u00bb border_style_all=\u00bbsolid\u00bb \/][\/et_pb_column][et_pb_column type=\u00bb1_4&#8243;][et_pb_blurb title=\u00bbCALCETINES ESPECIALES PARA PIES\u00bb url_new_window=\u00bboff\u00bb use_icon=\u00bboff\u00bb icon_color=\u00bb#7EBEC5&#8243; use_circle=\u00bboff\u00bb circle_color=\u00bb#7EBEC5&#8243; use_circle_border=\u00bboff\u00bb circle_border_color=\u00bb#7EBEC5&#8243; icon_placement=\u00bbtop\u00bb animation=\u00bbtop\u00bb background_layout=\u00bblight\u00bb text_orientation=\u00bbcenter\u00bb use_icon_font_size=\u00bboff\u00bb background_color=\u00bb#eeeeee\u00bb use_border_color=\u00bboff\u00bb border_color=\u00bb#ffffff\u00bb border_style=\u00bbsolid\u00bb module_class=\u00bbbox-main\u00bb background_position=\u00bbtop_left\u00bb background_repeat=\u00bbrepeat\u00bb background_size=\u00bbinitial\u00bb]<\/p>\n<p>Una serie de calcetines especiales para los pies, cuya f\u00f3rmula corresponde a los tratamientos y cosm\u00e9ticos utilizados en laboratorios, estudios y salones SPA. La composici\u00f3n y proporciones espec\u00edficas de la f\u00f3rmula, son la respuesta a la necesidad de una regeneraci\u00f3n fuerte y nutrici\u00f3n de la piel da\u00f1ada y agrietada de los pies, de la descamaci\u00f3n en la piel dura en los talones y la eliminaci\u00f3n de los signos de pies cansados y su feo aspecto.<\/p>\n<p>[\/et_pb_blurb][\/et_pb_column][et_pb_column type=\u00bb1_4&#8243;][et_pb_image src=\u00bbhttp:\/\/exclusivecosmetics.pl\/wp-content\/uploads\/2016\/11\/stopy.jpg\u00bb show_in_lightbox=\u00bboff\u00bb url_new_window=\u00bboff\u00bb use_overlay=\u00bboff\u00bb animation=\u00bboff\u00bb sticky=\u00bboff\u00bb align=\u00bbcenter\u00bb force_fullwidth=\u00bboff\u00bb always_center_on_mobile=\u00bbon\u00bb use_border_color=\u00bbon\u00bb border_color=\u00bb#000000&#8243; border_style=\u00bbsolid\u00bb module_class=\u00bbbox-main2&#8243; animation_style=\u00bbnone\u00bb animation_duration=\u00bb1000ms\u00bb animation_intensity_slide=\u00bb50%\u00bb show_bottom_space=\u00bbon\u00bb border_color_all=\u00bb#000000&#8243; border_width_all=\u00bb0px\u00bb border_style_all=\u00bbsolid\u00bb \/][\/et_pb_column][et_pb_column type=\u00bb1_4&#8243;][et_pb_blurb url_new_window=\u00bboff\u00bb use_icon=\u00bboff\u00bb icon_color=\u00bb#7EBEC5&#8243; use_circle=\u00bboff\u00bb circle_color=\u00bb#7EBEC5&#8243; use_circle_border=\u00bboff\u00bb circle_border_color=\u00bb#7EBEC5&#8243; icon_placement=\u00bbtop\u00bb animation=\u00bboff\u00bb background_layout=\u00bblight\u00bb text_orientation=\u00bbcenter\u00bb use_icon_font_size=\u00bboff\u00bb background_color=\u00bb#eeeeee\u00bb use_border_color=\u00bboff\u00bb border_color=\u00bb#ffffff\u00bb border_style=\u00bbsolid\u00bb image=\u00bbhttp:\/\/exclusivecosmetics.pl\/wp-content\/uploads\/2016\/11\/chmurka.png\u00bb module_class=\u00bbbox-main\u00bb background_position=\u00bbtop_left\u00bb background_repeat=\u00bbrepeat\u00bb background_size=\u00bbinitial\u00bb]<\/p>\n<p>\u00abLa primera vez utilic\u00e9 los calcetines hace dos meses. Tengo grandes problemas con la piel dura, y aunque no est\u00e1 agrietada, es como una piedra. Us\u00e9 los calcetines por primera vez de acuerdo con las instrucciones, y despu\u00e9s de 30 minutos, pude limpiar la piel dura de los talones, mejorando ligeramente con la piedra p\u00f3mez. Obtuve el mismo efecto que en el sal\u00f3n de la esteticista. \u00bfSe puede? Se puede. \u00bb<\/p>\n<p>Marta K. Varsovia<\/p>\n<p>[\/et_pb_blurb][\/et_pb_column][\/et_pb_row][et_pb_row make_fullwidth=\u00bboff\u00bb use_custom_width=\u00bboff\u00bb width_unit=\u00bbon\u00bb use_custom_gutter=\u00bbon\u00bb gutter_width=\u00bb0&#8243; padding_mobile=\u00bboff\u00bb allow_player_pause=\u00bboff\u00bb parallax=\u00bboff\u00bb parallax_method=\u00bboff\u00bb make_equal=\u00bboff\u00bb parallax_1=\u00bboff\u00bb parallax_method_1=\u00bboff\u00bb parallax_2=\u00bboff\u00bb parallax_method_2=\u00bboff\u00bb parallax_3=\u00bboff\u00bb parallax_method_3=\u00bboff\u00bb parallax_4=\u00bboff\u00bb parallax_method_4=\u00bboff\u00bb column_padding_mobile=\u00bbon\u00bb background_position=\u00bbtop_left\u00bb background_repeat=\u00bbrepeat\u00bb background_size=\u00bbinitial\u00bb][et_pb_column type=\u00bb1_4&#8243;][et_pb_image src=\u00bbhttp:\/\/exclusivecosmetics.pl\/wp-content\/uploads\/2016\/12\/platki.png\u00bb show_in_lightbox=\u00bboff\u00bb url_new_window=\u00bboff\u00bb use_overlay=\u00bboff\u00bb animation=\u00bboff\u00bb sticky=\u00bboff\u00bb align=\u00bbleft\u00bb force_fullwidth=\u00bboff\u00bb always_center_on_mobile=\u00bbon\u00bb use_border_color=\u00bbon\u00bb border_color=\u00bb#000000&#8243; border_style=\u00bbsolid\u00bb module_class=\u00bbbox-main2&#8243; animation_style=\u00bbnone\u00bb animation_duration=\u00bb1000ms\u00bb animation_intensity_slide=\u00bb50%\u00bb show_bottom_space=\u00bbon\u00bb border_color_all=\u00bb#000000&#8243; border_width_all=\u00bb0px\u00bb border_style_all=\u00bbsolid\u00bb \/][\/et_pb_column][et_pb_column type=\u00bb1_4&#8243;][et_pb_blurb title=\u00bbPARCHES PARA OJOS DE HIDROGEL\u00bb url_new_window=\u00bboff\u00bb use_icon=\u00bboff\u00bb icon_color=\u00bb#7EBEC5&#8243; use_circle=\u00bboff\u00bb circle_color=\u00bb#7EBEC5&#8243; use_circle_border=\u00bboff\u00bb circle_border_color=\u00bb#7EBEC5&#8243; icon_placement=\u00bbtop\u00bb animation=\u00bbtop\u00bb background_layout=\u00bblight\u00bb text_orientation=\u00bbcenter\u00bb use_icon_font_size=\u00bboff\u00bb background_color=\u00bb#eeeeee\u00bb use_border_color=\u00bboff\u00bb border_color=\u00bb#ffffff\u00bb border_style=\u00bbsolid\u00bb module_class=\u00bbbox-main\u00bb background_position=\u00bbtop_left\u00bb background_repeat=\u00bbrepeat\u00bb background_size=\u00bbinitial\u00bb]<\/p>\n<p>Una serie especializada de parches para ojos, que ha sido elaborada sobre la base de tratamientos cosm\u00e9ticos para promover la reconstrucci\u00f3n y la regeneraci\u00f3n de la delicada piel del contorno de los ojos y p\u00e1rpados. La composici\u00f3n de los parches para ojos son sustancias activas seleccionadas, con una acci\u00f3n m\u00e1s potente, y su dise\u00f1o libera a largo plazo la sustancia que inhibe el proceso de envejecimiento.<\/p>\n<p>[\/et_pb_blurb][\/et_pb_column][et_pb_column type=\u00bb1_4&#8243;][et_pb_image src=\u00bbhttp:\/\/exclusivecosmetics.pl\/wp-content\/uploads\/2016\/11\/ec-babeczka-platki-jasniej.png\u00bb show_in_lightbox=\u00bboff\u00bb url_new_window=\u00bboff\u00bb use_overlay=\u00bboff\u00bb animation=\u00bboff\u00bb sticky=\u00bboff\u00bb align=\u00bbcenter\u00bb force_fullwidth=\u00bboff\u00bb always_center_on_mobile=\u00bbon\u00bb use_border_color=\u00bbon\u00bb border_color=\u00bb#000000&#8243; border_style=\u00bbsolid\u00bb module_class=\u00bbbox-main2&#8243; animation_style=\u00bbnone\u00bb animation_duration=\u00bb1000ms\u00bb animation_intensity_slide=\u00bb50%\u00bb show_bottom_space=\u00bbon\u00bb border_color_all=\u00bb#000000&#8243; border_width_all=\u00bb0px\u00bb border_style_all=\u00bbsolid\u00bb \/][\/et_pb_column][et_pb_column type=\u00bb1_4&#8243;][et_pb_blurb url_new_window=\u00bboff\u00bb use_icon=\u00bboff\u00bb icon_color=\u00bb#7EBEC5&#8243; use_circle=\u00bboff\u00bb circle_color=\u00bb#7EBEC5&#8243; use_circle_border=\u00bboff\u00bb circle_border_color=\u00bb#7EBEC5&#8243; icon_placement=\u00bbtop\u00bb animation=\u00bboff\u00bb background_layout=\u00bblight\u00bb text_orientation=\u00bbcenter\u00bb use_icon_font_size=\u00bboff\u00bb background_color=\u00bb#eeeeee\u00bb use_border_color=\u00bboff\u00bb border_color=\u00bb#ffffff\u00bb border_style=\u00bbsolid\u00bb image=\u00bbhttp:\/\/exclusivecosmetics.pl\/wp-content\/uploads\/2016\/11\/chmurka.png\u00bb module_class=\u00bbbox-main\u00bb background_position=\u00bbtop_left\u00bb background_repeat=\u00bbrepeat\u00bb background_size=\u00bbinitial\u00bb]<\/p>\n<p>\u00abRealmente vale la pena tenerlos en tu tienda, especialmente cuando tienes que deshacerte de las sombras bajo tus ojos y verte al d\u00eda siguiente a la perfecci\u00f3n\u00bb. Despu\u00e9s de aplicar, la primera impresi\u00f3n es un agradable enfriamiento. Despu\u00e9s de quitar los copos, la piel est\u00e1 bien hidratada y tensa, y los hematomas debajo de los ojos desaparecen \u00ab.<\/p>\n<p>MONIKA P. WROC\u0141AW<\/p>\n<p>[\/et_pb_blurb][\/et_pb_column][\/et_pb_row][et_pb_row make_fullwidth=\u00bboff\u00bb use_custom_width=\u00bboff\u00bb width_unit=\u00bbon\u00bb use_custom_gutter=\u00bbon\u00bb gutter_width=\u00bb0&#8243; padding_mobile=\u00bboff\u00bb allow_player_pause=\u00bboff\u00bb parallax=\u00bboff\u00bb parallax_method=\u00bboff\u00bb make_equal=\u00bboff\u00bb parallax_1=\u00bboff\u00bb parallax_method_1=\u00bboff\u00bb parallax_2=\u00bboff\u00bb parallax_method_2=\u00bboff\u00bb parallax_3=\u00bboff\u00bb parallax_method_3=\u00bboff\u00bb parallax_4=\u00bboff\u00bb parallax_method_4=\u00bboff\u00bb column_padding_mobile=\u00bbon\u00bb background_position=\u00bbtop_left\u00bb background_repeat=\u00bbrepeat\u00bb background_size=\u00bbinitial\u00bb][et_pb_column type=\u00bb1_4&#8243;][et_pb_image src=\u00bbhttp:\/\/exclusivecosmetics.pl\/wp-content\/uploads\/2016\/12\/ec-kremy.png\u00bb show_in_lightbox=\u00bboff\u00bb url_new_window=\u00bboff\u00bb use_overlay=\u00bboff\u00bb animation=\u00bboff\u00bb sticky=\u00bboff\u00bb align=\u00bbleft\u00bb force_fullwidth=\u00bboff\u00bb always_center_on_mobile=\u00bbon\u00bb use_border_color=\u00bbon\u00bb border_color=\u00bb#000000&#8243; border_style=\u00bbsolid\u00bb module_class=\u00bbbox-main2&#8243; animation_style=\u00bbnone\u00bb animation_duration=\u00bb1000ms\u00bb animation_intensity_slide=\u00bb50%\u00bb show_bottom_space=\u00bbon\u00bb border_color_all=\u00bb#000000&#8243; border_width_all=\u00bb0px\u00bb border_style_all=\u00bbsolid\u00bb \/][\/et_pb_column][et_pb_column type=\u00bb1_4&#8243;][et_pb_blurb title=\u00bbCUIDADO ADECUADO DEL CUERPO\u00bb url_new_window=\u00bboff\u00bb use_icon=\u00bboff\u00bb icon_color=\u00bb#7EBEC5&#8243; use_circle=\u00bboff\u00bb circle_color=\u00bb#7EBEC5&#8243; use_circle_border=\u00bboff\u00bb circle_border_color=\u00bb#7EBEC5&#8243; icon_placement=\u00bbtop\u00bb animation=\u00bbtop\u00bb background_layout=\u00bblight\u00bb text_orientation=\u00bbcenter\u00bb use_icon_font_size=\u00bboff\u00bb background_color=\u00bb#eeeeee\u00bb use_border_color=\u00bboff\u00bb border_color=\u00bb#ffffff\u00bb border_style=\u00bbsolid\u00bb module_class=\u00bbbox-main\u00bb background_position=\u00bbtop_left\u00bb background_repeat=\u00bbrepeat\u00bb background_size=\u00bbinitial\u00bb]<\/p>\n<p>Una l\u00ednea especializada de tres cremas para modelar y cuidar el cuerpo. Esta novedad en la oferta EXCLUSIVE COSMETICS es una oferta integral para personas exigentes que buscan compilaciones perfectas. La l\u00ednea incluye productos de modelado y reafirmaci\u00f3n. Las f\u00f3rmulas desarrolladas ya est\u00e1n en la ra\u00edz de problemas, como la celulitis, las estr\u00edas o las cicatrices, que alcanzan el resultado final m\u00e1ximo.<\/p>\n<p>[\/et_pb_blurb][\/et_pb_column][et_pb_column type=\u00bb1_4&#8243;][et_pb_image src=\u00bbhttp:\/\/exclusivecosmetics.pl\/wp-content\/uploads\/2016\/11\/ec-babeczka.png\u00bb show_in_lightbox=\u00bboff\u00bb url_new_window=\u00bboff\u00bb use_overlay=\u00bboff\u00bb animation=\u00bboff\u00bb sticky=\u00bboff\u00bb align=\u00bbcenter\u00bb force_fullwidth=\u00bboff\u00bb always_center_on_mobile=\u00bbon\u00bb use_border_color=\u00bbon\u00bb border_color=\u00bb#000000&#8243; border_style=\u00bbsolid\u00bb module_class=\u00bbbox-main2&#8243; animation_style=\u00bbnone\u00bb animation_duration=\u00bb1000ms\u00bb animation_intensity_slide=\u00bb50%\u00bb show_bottom_space=\u00bbon\u00bb border_color_all=\u00bb#000000&#8243; border_width_all=\u00bb0px\u00bb border_style_all=\u00bbsolid\u00bb \/][\/et_pb_column][et_pb_column type=\u00bb1_4&#8243;][et_pb_blurb url_new_window=\u00bboff\u00bb use_icon=\u00bboff\u00bb icon_color=\u00bb#7EBEC5&#8243; use_circle=\u00bboff\u00bb circle_color=\u00bb#7EBEC5&#8243; use_circle_border=\u00bboff\u00bb circle_border_color=\u00bb#7EBEC5&#8243; icon_placement=\u00bbtop\u00bb animation=\u00bboff\u00bb background_layout=\u00bblight\u00bb text_orientation=\u00bbcenter\u00bb use_icon_font_size=\u00bboff\u00bb background_color=\u00bb#eeeeee\u00bb use_border_color=\u00bboff\u00bb border_color=\u00bb#ffffff\u00bb border_style=\u00bbsolid\u00bb image=\u00bbhttp:\/\/exclusivecosmetics.pl\/wp-content\/uploads\/2016\/11\/chmurka.png\u00bb module_class=\u00bbbox-main\u00bb background_position=\u00bbtop_left\u00bb background_repeat=\u00bbrepeat\u00bb background_size=\u00bbinitial\u00bb]<\/p>\n<p>\u00abHace poco tuve la oportunidad de comprar el b\u00e1lsamo reafirmante para el busto. Un b\u00e1lsamo simple, a un precio accesible, y result\u00f3 ser un \u00e9xito. En general, a partir de la primera aplicaci\u00f3n, despu\u00e9s de aplicar la crema se siente un ligero calor corporal. Despu\u00e9s de 3 semanas, la piel del busto qued\u00f3 perfectamente hidratada, mientras que el mismo busto parece como antes de la regla; es m\u00e1s grande y m\u00e1s sexy &#x1f609;<\/p>\n<p>Ola T.<\/p>\n<p>[\/et_pb_blurb][\/et_pb_column][\/et_pb_row][et_pb_row make_fullwidth=\u00bboff\u00bb use_custom_width=\u00bboff\u00bb width_unit=\u00bbon\u00bb use_custom_gutter=\u00bboff\u00bb padding_mobile=\u00bboff\u00bb allow_player_pause=\u00bboff\u00bb parallax=\u00bboff\u00bb parallax_method=\u00bboff\u00bb make_equal=\u00bboff\u00bb parallax_1=\u00bboff\u00bb parallax_method_1=\u00bboff\u00bb column_padding_mobile=\u00bbon\u00bb background_position=\u00bbtop_left\u00bb background_repeat=\u00bbrepeat\u00bb background_size=\u00bbinitial\u00bb][et_pb_column type=\u00bb4_4&#8243;][et_pb_text background_layout=\u00bblight\u00bb use_border_color=\u00bboff\u00bb background_position=\u00bbtop_left\u00bb background_repeat=\u00bbrepeat\u00bb background_size=\u00bbinitial\u00bb _builder_version=\u00bb3.0.106&#8243;]<\/p>\n<p>[wpcsp id=\u00bb1765&#8243;]<\/p>\n<p>[\/et_pb_text][\/et_pb_column][\/et_pb_row][\/et_pb_section]<\/p>\n","protected":false},"excerpt":{"rendered":"<p>[et_pb_section bb_built=\u00bb1&#8243; fullwidth=\u00bbon\u00bb specialty=\u00bboff\u00bb transparent_background=\u00bboff\u00bb background_video_mp4=\u00bbhttps:\/\/exclusivecosmetics.pl\/wp-content\/uploads\/2016\/11\/Fotolia_108480428_V_HD1080_x264.mp4&#8243; allow_player_pause=\u00bboff\u00bb inner_shadow=\u00bboff\u00bb parallax=\u00bboff\u00bb parallax_method=\u00bboff\u00bb padding_mobile=\u00bboff\u00bb make_fullwidth=\u00bboff\u00bb use_custom_width=\u00bboff\u00bb width_unit=\u00bbon\u00bb make_equal=\u00bboff\u00bb use_custom_gutter=\u00bboff\u00bb module_class=\u00bbvideo-head\u00bb custom_padding_tablet=\u00bb50px|0|50px|0&#8243; custom_padding_last_edited=\u00bbon|desktop\u00bb prev_background_color=\u00bb#000000&#8243; next_background_color=\u00bb#000000&#8243;][et_pb_fullwidth_image _builder_version=\u00bb3.0.106&#8243; src=\u00bbhttps:\/\/exclusivecosmetics.pl\/wp-content\/uploads\/2018\/10\/EC-BANER-NA-STRONE-EC-1600X610-px-ang-ESP.jpg\u00bb show_in_lightbox=\u00bboff\u00bb url_new_window=\u00bboff\u00bb use_overlay=\u00bboff\u00bb \/][\/et_pb_section][et_pb_section bb_built=\u00bb1&#8243; fullwidth=\u00bboff\u00bb specialty=\u00bboff\u00bb transparent_background=\u00bboff\u00bb background_color=\u00bb#000000&#8243; allow_player_pause=\u00bboff\u00bb inner_shadow=\u00bboff\u00bb parallax=\u00bboff\u00bb parallax_method=\u00bboff\u00bb padding_mobile=\u00bboff\u00bb make_fullwidth=\u00bboff\u00bb use_custom_width=\u00bboff\u00bb width_unit=\u00bbon\u00bb make_equal=\u00bboff\u00bb use_custom_gutter=\u00bboff\u00bb custom_padding_tablet=\u00bb50px|0|50px|0&#8243; custom_padding_last_edited=\u00bbon|desktop\u00bb prev_background_color=\u00bb#ffffff\u00bb next_background_color=\u00bb#ffffff\u00bb][et_pb_row background_position=\u00bbtop_left\u00bb background_repeat=\u00bbrepeat\u00bb background_size=\u00bbinitial\u00bb][et_pb_column type=\u00bb4_4&#8243;][et_pb_code module_class=\u00bbnaglow biale\u00bb]&lt;h3&gt;&lt;span class=\u00bbmaly-tyt\u00bb&gt;\u00bfPor qu\u00e9 &lt;\/span&gt;&lt;br [&hellip;]<\/p>\n","protected":false},"author":2,"featured_media":0,"parent":0,"menu_order":0,"comment_status":"closed","ping_status":"closed","template":"","meta":{"_et_pb_use_builder":"on","_et_pb_old_content":"","_et_gb_content_width":"","footnotes":""},"class_list":["post-1508","page","type-page","status-publish","hentry"],"_links":{"self":[{"href":"https:\/\/exclusivecosmetics.pl\/es\/wp-json\/wp\/v2\/pages\/1508"}],"collection":[{"href":"https:\/\/exclusivecosmetics.pl\/es\/wp-json\/wp\/v2\/pages"}],"about":[{"href":"https:\/\/exclusivecosmetics.pl\/es\/wp-json\/wp\/v2\/types\/page"}],"author":[{"embeddable":true,"href":"https:\/\/exclusivecosmetics.pl\/es\/wp-json\/wp\/v2\/users\/2"}],"replies":[{"embeddable":true,"href":"https:\/\/exclusivecosmetics.pl\/es\/wp-json\/wp\/v2\/comments?post=1508"}],"version-history":[{"count":1,"href":"https:\/\/exclusivecosmetics.pl\/es\/wp-json\/wp\/v2\/pages\/1508\/revisions"}],"predecessor-version":[{"id":1766,"href":"https:\/\/exclusivecosmetics.pl\/es\/wp-json\/wp\/v2\/pages\/1508\/revisions\/1766"}],"wp:attachment":[{"href":"https:\/\/exclusivecosmetics.pl\/es\/wp-json\/wp\/v2\/media?parent=1508"}],"curies":[{"name":"wp","href":"https:\/\/api.w.org\/{rel}","templated":true}]}}