{"id":891,"date":"2017-04-12T14:41:26","date_gmt":"2017-04-12T14:41:26","guid":{"rendered":"http:\/\/exclusivecosmetics.pl\/contact\/"},"modified":"2017-04-12T14:41:27","modified_gmt":"2017-04-12T14:41:27","slug":"contact","status":"publish","type":"page","link":"https:\/\/exclusivecosmetics.pl\/en\/contact\/","title":{"rendered":"Contact"},"content":{"rendered":"<p>[et_pb_section admin_label=&#8221;Sekcja&#8221; fullwidth=&#8221;on&#8221; specialty=&#8221;off&#8221;][et_pb_fullwidth_code admin_label=&#8221;Kod w pe\u0142nej szeroko\u015bci&#8221;]&lt;iframe src=&#8221;https:\/\/www.google.com\/maps\/embed?pb=!1m18!1m12!1m3!1d2446.5733060563516!2d20.985709316158452!3d52.17845097975093!2m3!1f0!2f0!3f0!3m2!1i1024!2i768!4f13.1!3m3!1m2!1s0x47193323abc3bf41%3A0x2207ad2190f106f9!2zU3DDs8WCZHppZWxuaWEgSW53YWxpZMOzdyDFmldJVA!5e0!3m2!1sen!2spl!4v1485169358806&#8243; width=&#8221;100%&#8221; height=&#8221;450&#8243; frameborder=&#8221;0&#8243; style=&#8221;border:0&#8243; allowfullscreen&gt;&lt;\/iframe&gt;[\/et_pb_fullwidth_code][\/et_pb_section][et_pb_section admin_label=&#8221;section&#8221;][et_pb_row admin_label=&#8221;row&#8221;][et_pb_column type=&#8221;1_2&#8243;][et_pb_contact_form admin_label=&#8221;Formularz kontaktowy&#8221; captcha=&#8221;on&#8221; use_redirect=&#8221;off&#8221; success_message=&#8221;Dzi\u0119kujemy za przes\u0142anie wiadomo\u015bci! Odpowiemy na ni\u0105 tak szybko, jak to b\u0119dzie mo\u017cliwe.&#8221; input_border_radius=&#8221;0&#8243; use_border_color=&#8221;off&#8221; border_color=&#8221;#ffffff&#8221; border_style=&#8221;solid&#8221; custom_button=&#8221;off&#8221; button_letter_spacing=&#8221;0&#8243; button_use_icon=&#8221;default&#8221; button_icon_placement=&#8221;right&#8221; button_on_hover=&#8221;on&#8221; button_letter_spacing_hover=&#8221;0&#8243; email=&#8221;kontakt@exclusivecosmetics.pl&#8221; button_border_radius_hover=&#8221;0&#8243;] [et_pb_contact_field field_title=&#8221;Adres mejlowy&#8221; field_type=&#8221;email&#8221; field_id=&#8221;Email&#8221; required_mark=&#8221;on&#8221; fullwidth_field=&#8221;off&#8221;][\/et_pb_contact_field][et_pb_contact_field field_title=&#8221;temat&#8221; field_type=&#8221;input&#8221; field_id=&#8221;temat&#8221; required_mark=&#8221;on&#8221; fullwidth_field=&#8221;off&#8221; form_field_font_select=&#8221;default&#8221; form_field_font=&#8221;||||&#8221; use_border_color=&#8221;off&#8221; border_style=&#8221;solid&#8221;][\/et_pb_contact_field][et_pb_contact_field field_title=&#8221;Wiadomo\u015b\u0107&#8221; field_type=&#8221;text&#8221; field_id=&#8221;Message&#8221; required_mark=&#8221;on&#8221; fullwidth_field=&#8221;on&#8221; form_field_font_select=&#8221;default&#8221; form_field_font=&#8221;||||&#8221; use_border_color=&#8221;off&#8221; border_style=&#8221;solid&#8221;][\/et_pb_contact_field] [\/et_pb_contact_form][\/et_pb_column][et_pb_column type=&#8221;1_2&#8243;][et_pb_text admin_label=&#8221;Tekst&#8221; background_layout=&#8221;light&#8221; text_orientation=&#8221;center&#8221; use_border_color=&#8221;off&#8221; border_color=&#8221;#ffffff&#8221; border_style=&#8221;solid&#8221;]<br \/>\n<b>\u015aWIT Pharma Sp. z o.o.<\/b><br \/>\nul. Ta\u015bmowa 1,<br \/>\n02-677 Warszawa<\/p>\n<p>NIP 525-000-21-32<br \/>\nREGON 000455657<br \/>\nKRS 0000053930<br \/>\ntel. +48\u00a022\u00a0330 58 00,<br \/>\nfax: +48\u00a022 486 33 17<\/p>\n<p>[\/et_pb_text][\/et_pb_column][\/et_pb_row][\/et_pb_section]<\/p>\n","protected":false},"excerpt":{"rendered":"<p>[et_pb_section admin_label=&#8221;Sekcja&#8221; fullwidth=&#8221;on&#8221; specialty=&#8221;off&#8221;][et_pb_fullwidth_code admin_label=&#8221;Kod w pe\u0142nej szeroko\u015bci&#8221;]&lt;iframe src=&#8221;https:\/\/www.google.com\/maps\/embed?pb=!1m18!1m12!1m3!1d2446.5733060563516!2d20.985709316158452!3d52.17845097975093!2m3!1f0!2f0!3f0!3m2!1i1024!2i768!4f13.1!3m3!1m2!1s0x47193323abc3bf41%3A0x2207ad2190f106f9!2zU3DDs8WCZHppZWxuaWEgSW53YWxpZMOzdyDFmldJVA!5e0!3m2!1sen!2spl!4v1485169358806&#8243; width=&#8221;100%&#8221; height=&#8221;450&#8243; frameborder=&#8221;0&#8243; style=&#8221;border:0&#8243; allowfullscreen&gt;&lt;\/iframe&gt;[\/et_pb_fullwidth_code][\/et_pb_section][et_pb_section admin_label=&#8221;section&#8221;][et_pb_row admin_label=&#8221;row&#8221;][et_pb_column type=&#8221;1_2&#8243;][et_pb_contact_form admin_label=&#8221;Formularz kontaktowy&#8221; captcha=&#8221;on&#8221; use_redirect=&#8221;off&#8221; success_message=&#8221;Dzi\u0119kujemy za przes\u0142anie wiadomo\u015bci! Odpowiemy na ni\u0105 tak szybko, jak to b\u0119dzie mo\u017cliwe.&#8221; input_border_radius=&#8221;0&#8243; use_border_color=&#8221;off&#8221; border_color=&#8221;#ffffff&#8221; border_style=&#8221;solid&#8221; custom_button=&#8221;off&#8221; button_letter_spacing=&#8221;0&#8243; button_use_icon=&#8221;default&#8221; button_icon_placement=&#8221;right&#8221; button_on_hover=&#8221;on&#8221; button_letter_spacing_hover=&#8221;0&#8243; email=&#8221;kontakt@exclusivecosmetics.pl&#8221; button_border_radius_hover=&#8221;0&#8243;] [et_pb_contact_field field_title=&#8221;Adres mejlowy&#8221; field_type=&#8221;email&#8221; field_id=&#8221;Email&#8221; required_mark=&#8221;on&#8221; fullwidth_field=&#8221;off&#8221;][\/et_pb_contact_field][et_pb_contact_field field_title=&#8221;temat&#8221; field_type=&#8221;input&#8221; [&hellip;]<\/p>\n","protected":false},"author":2,"featured_media":0,"parent":0,"menu_order":0,"comment_status":"closed","ping_status":"closed","template":"","meta":{"_et_pb_use_builder":"on","_et_pb_old_content":"","_et_gb_content_width":"","footnotes":""},"class_list":["post-891","page","type-page","status-publish","hentry"],"_links":{"self":[{"href":"https:\/\/exclusivecosmetics.pl\/en\/wp-json\/wp\/v2\/pages\/891"}],"collection":[{"href":"https:\/\/exclusivecosmetics.pl\/en\/wp-json\/wp\/v2\/pages"}],"about":[{"href":"https:\/\/exclusivecosmetics.pl\/en\/wp-json\/wp\/v2\/types\/page"}],"author":[{"embeddable":true,"href":"https:\/\/exclusivecosmetics.pl\/en\/wp-json\/wp\/v2\/users\/2"}],"replies":[{"embeddable":true,"href":"https:\/\/exclusivecosmetics.pl\/en\/wp-json\/wp\/v2\/comments?post=891"}],"version-history":[{"count":1,"href":"https:\/\/exclusivecosmetics.pl\/en\/wp-json\/wp\/v2\/pages\/891\/revisions"}],"predecessor-version":[{"id":892,"href":"https:\/\/exclusivecosmetics.pl\/en\/wp-json\/wp\/v2\/pages\/891\/revisions\/892"}],"wp:attachment":[{"href":"https:\/\/exclusivecosmetics.pl\/en\/wp-json\/wp\/v2\/media?parent=891"}],"curies":[{"name":"wp","href":"https:\/\/api.w.org\/{rel}","templated":true}]}}